{"id":28117,"date":"2023-08-23T13:23:45","date_gmt":"2023-08-23T13:23:45","guid":{"rendered":"http:\/\/zemsaniaglobalgroup.com\/?page_id=18907"},"modified":"2024-04-28T00:12:29","modified_gmt":"2024-04-27T22:12:29","slug":"avis-legal","status":"publish","type":"page","link":"https:\/\/zemsaniaglobalgroup.com\/ca\/aviso-legal\/","title":{"rendered":"Av\u00eds Legal"},"content":{"rendered":"<div class=\"wp-block-uagb-container uagb-block-8718d1ac alignfull uagb-is-root-container\">\n<div class=\"wp-block-columns is-layout-flex wp-container-core-columns-is-layout-9d6595d7 wp-block-columns-is-layout-flex\">\n<div class=\"wp-block-column is-layout-flow wp-block-column-is-layout-flow\" style=\"flex-basis:100%\">\n<p><strong>L&#039;empresa titular d&#039;aquesta web \u00e9s \u201cZEMSANIA, SL\u201d, amb domicili a l&#039;av. Diagonal 441, 1r 08036 Barcelona i n\u00fam. protocol 290.<\/strong><\/p>\n\n\n\n<p><strong>Correu electr\u00f2nic de contacte:&nbsp;<\/strong>&nbsp;<a href=\"mailto:info@zemsania.com\">info@zemsania.com<\/a><\/p>\n\n\n\n<p>La informaci\u00f3 continguda a&nbsp;<a href=\"https:\/\/zemsaniaglobalgroup.com\/ca\/\">www.zemsaniaglobalgroup.com<\/a>&nbsp;constitueix un servei d&#039;informaci\u00f3 dels diversos serveis que ofereix \u201cZEMSANIA, SL\u201d (d&#039;ara endavant ZEMSANIA) al sector de les noves tecnologies oferint concretament serveis de consultoria, an\u00e0lisi, disseny, desenvolupament, implantaci\u00f3, assist\u00e8ncia i manteniment de sistemes inform\u00e0tics, i on s&#039;ofereix per tant, acc\u00e9s a continguts del sector de diversa naturalesa.<\/p>\n\n\n\n<p><strong>POL\u00cdTICA DE PROPIETAT INTEL\u00b7LECTUAL<\/strong><\/p>\n\n\n\n<p>El codi font, els dissenys gr\u00e0fics, les imatges, les fotografies, les animacions, el programari, els textos, aix\u00ed com la informaci\u00f3 i els continguts que es recullen a&nbsp;<a href=\"https:\/\/zemsaniaglobalgroup.com\/ca\/\">www.zemsaniaglobalgroup.com<\/a>&nbsp;&nbsp;estan protegits per la legislaci\u00f3 espanyola sobre els drets de propietat intel\u00b7lectual i industrial a favor de ZEMSANIA, i no es permet, la reproducci\u00f3 total o parcial d&#039;aquesta Web, ni el tractament inform\u00e0tic, comunicaci\u00f3 p\u00fablica, distribuci\u00f3, difusi\u00f3, modificaci\u00f3, transformaci\u00f3 o descompilaci\u00f3, sense el perm\u00eds previ i per escrit del titular.<\/p>\n\n\n\n<p>L&#039;usuari, \u00fanicament i exclusivament podr\u00e0 utilitzar el material que aparegui en aquesta Web per a \u00fas personal i privat, quedant prohibida la seva utilitzaci\u00f3 amb fins comercials o per inc\u00f3rrer en activitats il\u00b7l\u00edcites. Tots els drets derivats de la propietat intel\u00b7lectual estan expressament reservats per ZEMSANIA.<\/p>\n\n\n\n<p>ZEMSANIA vetllar\u00e0 pel compliment de les condicions anteriors i per a la utilitzaci\u00f3 deguda dels continguts presentats al seu portal, exercint totes les accions civils i penals que li corresponguin en el cas d&#039;infracci\u00f3 o incompliment d&#039;aquests drets per part de l&#039;usuari.<\/p>\n\n\n\n<p>ZEMSANIA no pot assumir cap responsabilitat derivada de l&#039;\u00fas incorrecte, inapropiat o il\u00b7l\u00edcit de la informaci\u00f3 apareguda a les p\u00e0gines d&#039;Internet de&nbsp;<a href=\"https:\/\/zemsaniaglobalgroup.com\/ca\/\">www.zemsaniaglobalgroup.com<\/a>.<\/p>\n\n\n\n<p>Tampoc no assumir\u00e0 cap responsabilitat derivada de l&#039;\u00fas per tercers del contingut del lloc web i podr\u00e0 exercitar totes les accions civils o penals que li corresponguin en cas d&#039;infracci\u00f3 d&#039;aquests drets per part de l&#039;usuari.<\/p>\n\n\n\n<p>Est\u00e0 absolutament prohibit l&#039;\u00fas de la web o d&#039;algun dels seus elements amb finalitats comercials o il\u00b7l\u00edcites.<\/p>\n\n\n\n<p><strong>ENLLA\u00c7OS AMB ALTRES LLOCS WEB<\/strong><\/p>\n\n\n\n<p>La web&nbsp;<a href=\"https:\/\/zemsaniaglobalgroup.com\/ca\/\">www.zemsaniaglobalgroup.com<\/a>&nbsp;pot contenir enlla\u00e7os a altres p\u00e0gines de tercers que entenem poden ser \u00fatil per als usuaris. Tot i aix\u00f2, ZEMSANIA no pot controlar; per tant, no pot assumir responsabilitats pel contingut que pugui apar\u00e8ixer a les p\u00e0gines de tercers.<\/p>\n\n\n\n<p><strong>\u00daS D&#039;AQUESTA WEB<\/strong><\/p>\n\n\n\n<p>Aquest av\u00eds legal recull les condicions generals que regeixen l&#039;acc\u00e9s i \u00fas d&#039;aquest lloc web.<\/p>\n\n\n\n<p>L&#039;\u00fas de la p\u00e0gina web implica l&#039;expressa i plena acceptaci\u00f3 d&#039;aquestes condicions generals a la versi\u00f3 publicada en el moment en qu\u00e8 l&#039;usuari hi accedeixi, sense perjudici de les condicions particulars que es puguin aplicar a alguns dels serveis concrets del lloc web.<\/p>\n<\/div>\n<\/div>\n<\/div>","protected":false},"excerpt":{"rendered":"<p>La empresa titular de esta web es \u201cZEMSANIA, S.L.\u201d, con domicilio en Av. Diagonal 441, 1\u00ba 08036 Barcelona y n\u00ba de C.I.F. B-63130074, inscrita el 24 de marzo de 2003 en el Registro Mercantil de Barcelona con tomo 35.409, folio 131, hoja n\u00ba B-266658, inscripci\u00f3n 1\u00aa y con n\u00ba de protocolo 290. Correo electr\u00f3nico de [&hellip;]<\/p>\n","protected":false},"author":1,"featured_media":0,"parent":0,"menu_order":3,"comment_status":"closed","ping_status":"closed","template":"","meta":{"_acf_changed":false,"inline_featured_image":false,"_uag_custom_page_level_css":"","footnotes":""},"class_list":["post-28117","page","type-page","status-publish","hentry"],"acf":[],"yoast_head":"<!-- This site is optimized with the Yoast SEO plugin v27.4 - https:\/\/yoast.com\/product\/yoast-seo-wordpress\/ -->\n<title>Aviso Legal - Zemsania Global Group<\/title>\n<meta name=\"robots\" content=\"index, follow, max-snippet:-1, max-image-preview:large, max-video-preview:-1\" \/>\n<link rel=\"canonical\" href=\"https:\/\/zemsaniaglobalgroup.com\/ca\/avis-legal\/\" \/>\n<meta property=\"og:locale\" content=\"ca_ES\" \/>\n<meta property=\"og:type\" content=\"article\" \/>\n<meta property=\"og:title\" content=\"Aviso Legal - Zemsania Global Group\" \/>\n<meta property=\"og:description\" content=\"La empresa titular de esta web es \u201cZEMSANIA, S.L.\u201d, con domicilio en Av. Diagonal 441, 1\u00ba 08036 Barcelona y n\u00ba de C.I.F. B-63130074, inscrita el 24 de marzo de 2003 en el Registro Mercantil de Barcelona con tomo 35.409, folio 131, hoja n\u00ba B-266658, inscripci\u00f3n 1\u00aa y con n\u00ba de protocolo 290. Correo electr\u00f3nico de [&hellip;]\" \/>\n<meta property=\"og:url\" content=\"https:\/\/zemsaniaglobalgroup.com\/ca\/avis-legal\/\" \/>\n<meta property=\"og:site_name\" content=\"Zemsania Global Group\" \/>\n<meta property=\"article:modified_time\" content=\"2024-04-27T22:12:29+00:00\" \/>\n<meta property=\"og:image\" content=\"https:\/\/zemsaniaglobalgroup.com\/wp-content\/uploads\/2025\/11\/Portada-para-redes-web.png\" \/>\n\t<meta property=\"og:image:width\" content=\"1280\" \/>\n\t<meta property=\"og:image:height\" content=\"720\" \/>\n\t<meta property=\"og:image:type\" content=\"image\/png\" \/>\n<meta name=\"twitter:card\" content=\"summary_large_image\" \/>\n<meta name=\"twitter:label1\" content=\"Temps estimat de lectura\" \/>\n\t<meta name=\"twitter:data1\" content=\"3 minuts\" \/>\n<script type=\"application\/ld+json\" class=\"yoast-schema-graph\">{\"@context\":\"https:\\\/\\\/schema.org\",\"@graph\":[{\"@type\":\"WebPage\",\"@id\":\"https:\\\/\\\/zemsaniaglobalgroup.com\\\/aviso-legal\\\/\",\"url\":\"https:\\\/\\\/zemsaniaglobalgroup.com\\\/aviso-legal\\\/\",\"name\":\"Aviso Legal - Zemsania Global Group\",\"isPartOf\":{\"@id\":\"https:\\\/\\\/zemsaniaglobalgroup.com\\\/#website\"},\"datePublished\":\"2023-08-23T13:23:45+00:00\",\"dateModified\":\"2024-04-27T22:12:29+00:00\",\"breadcrumb\":{\"@id\":\"https:\\\/\\\/zemsaniaglobalgroup.com\\\/aviso-legal\\\/#breadcrumb\"},\"inLanguage\":\"ca\",\"potentialAction\":[{\"@type\":\"ReadAction\",\"target\":[\"https:\\\/\\\/zemsaniaglobalgroup.com\\\/aviso-legal\\\/\"]}]},{\"@type\":\"BreadcrumbList\",\"@id\":\"https:\\\/\\\/zemsaniaglobalgroup.com\\\/aviso-legal\\\/#breadcrumb\",\"itemListElement\":[{\"@type\":\"ListItem\",\"position\":1,\"name\":\"Portada\",\"item\":\"https:\\\/\\\/zemsaniaglobalgroup.com\\\/\"},{\"@type\":\"ListItem\",\"position\":2,\"name\":\"Aviso Legal\"}]},{\"@type\":\"WebSite\",\"@id\":\"https:\\\/\\\/zemsaniaglobalgroup.com\\\/#website\",\"url\":\"https:\\\/\\\/zemsaniaglobalgroup.com\\\/\",\"name\":\"Zemsania Global Group\",\"description\":\"Ofrecemos soluciones digitales innovadoras y talento IT especializado, siendo un referente para nuestros clientes y un partner tecnol\u00f3gico de confianza en los diferentes procesos empresariales.\",\"publisher\":{\"@id\":\"https:\\\/\\\/zemsaniaglobalgroup.com\\\/#organization\"},\"alternateName\":\"Zemsania\",\"potentialAction\":[{\"@type\":\"SearchAction\",\"target\":{\"@type\":\"EntryPoint\",\"urlTemplate\":\"https:\\\/\\\/zemsaniaglobalgroup.com\\\/?s={search_term_string}\"},\"query-input\":{\"@type\":\"PropertyValueSpecification\",\"valueRequired\":true,\"valueName\":\"search_term_string\"}}],\"inLanguage\":\"ca\"},{\"@type\":\"Organization\",\"@id\":\"https:\\\/\\\/zemsaniaglobalgroup.com\\\/#organization\",\"name\":\"Zemsania Global Group\",\"alternateName\":\"Zemsania\",\"url\":\"https:\\\/\\\/zemsaniaglobalgroup.com\\\/\",\"logo\":{\"@type\":\"ImageObject\",\"inLanguage\":\"ca\",\"@id\":\"https:\\\/\\\/zemsaniaglobalgroup.com\\\/#\\\/schema\\\/logo\\\/image\\\/\",\"url\":\"https:\\\/\\\/zemsaniaglobalgroup.com\\\/wp-content\\\/uploads\\\/2024\\\/04\\\/logo-zemsania-horiz.svg\",\"contentUrl\":\"https:\\\/\\\/zemsaniaglobalgroup.com\\\/wp-content\\\/uploads\\\/2024\\\/04\\\/logo-zemsania-horiz.svg\",\"caption\":\"Zemsania Global Group\"},\"image\":{\"@id\":\"https:\\\/\\\/zemsaniaglobalgroup.com\\\/#\\\/schema\\\/logo\\\/image\\\/\"},\"sameAs\":[\"https:\\\/\\\/www.linkedin.com\\\/company\\\/zemsania-global-group\"]}]}<\/script>\n<!-- \/ Yoast SEO plugin. -->","yoast_head_json":{"title":"Av\u00eds Legal - Zemsania Global Group","robots":{"index":"index","follow":"follow","max-snippet":"max-snippet:-1","max-image-preview":"max-image-preview:large","max-video-preview":"max-video-preview:-1"},"canonical":"https:\/\/zemsaniaglobalgroup.com\/ca\/avis-legal\/","og_locale":"ca_ES","og_type":"article","og_title":"Aviso Legal - Zemsania Global Group","og_description":"La empresa titular de esta web es \u201cZEMSANIA, S.L.\u201d, con domicilio en Av. Diagonal 441, 1\u00ba 08036 Barcelona y n\u00ba de C.I.F. B-63130074, inscrita el 24 de marzo de 2003 en el Registro Mercantil de Barcelona con tomo 35.409, folio 131, hoja n\u00ba B-266658, inscripci\u00f3n 1\u00aa y con n\u00ba de protocolo 290. Correo electr\u00f3nico de [&hellip;]","og_url":"https:\/\/zemsaniaglobalgroup.com\/ca\/avis-legal\/","og_site_name":"Zemsania Global Group","article_modified_time":"2024-04-27T22:12:29+00:00","og_image":[{"width":1280,"height":720,"url":"https:\/\/zemsaniaglobalgroup.com\/wp-content\/uploads\/2025\/11\/Portada-para-redes-web.png","type":"image\/png"}],"twitter_card":"summary_large_image","twitter_misc":{"Temps estimat de lectura":"3 minuts"},"schema":{"@context":"https:\/\/schema.org","@graph":[{"@type":"WebPage","@id":"https:\/\/zemsaniaglobalgroup.com\/aviso-legal\/","url":"https:\/\/zemsaniaglobalgroup.com\/aviso-legal\/","name":"Av\u00eds Legal - Zemsania Global Group","isPartOf":{"@id":"https:\/\/zemsaniaglobalgroup.com\/#website"},"datePublished":"2023-08-23T13:23:45+00:00","dateModified":"2024-04-27T22:12:29+00:00","breadcrumb":{"@id":"https:\/\/zemsaniaglobalgroup.com\/aviso-legal\/#breadcrumb"},"inLanguage":"ca","potentialAction":[{"@type":"ReadAction","target":["https:\/\/zemsaniaglobalgroup.com\/aviso-legal\/"]}]},{"@type":"BreadcrumbList","@id":"https:\/\/zemsaniaglobalgroup.com\/aviso-legal\/#breadcrumb","itemListElement":[{"@type":"ListItem","position":1,"name":"Portada","item":"https:\/\/zemsaniaglobalgroup.com\/"},{"@type":"ListItem","position":2,"name":"Aviso Legal"}]},{"@type":"WebSite","@id":"https:\/\/zemsaniaglobalgroup.com\/#website","url":"https:\/\/zemsaniaglobalgroup.com\/","name":"Zemsania Global Group","description":"Oferim solucions digitals innovadores i talent IT especialitzat, essent un referent pels nostres clients i un partner tecnol\u00f2gic de confian\u00e7a en els diferents processos empresarials.","publisher":{"@id":"https:\/\/zemsaniaglobalgroup.com\/#organization"},"alternateName":"Zemsania","potentialAction":[{"@type":"SearchAction","target":{"@type":"EntryPoint","urlTemplate":"https:\/\/zemsaniaglobalgroup.com\/?s={search_term_string}"},"query-input":{"@type":"PropertyValueSpecification","valueRequired":true,"valueName":"search_term_string"}}],"inLanguage":"ca"},{"@type":"Organization","@id":"https:\/\/zemsaniaglobalgroup.com\/#organization","name":"Zemsania Global Group","alternateName":"Zemsania","url":"https:\/\/zemsaniaglobalgroup.com\/","logo":{"@type":"ImageObject","inLanguage":"ca","@id":"https:\/\/zemsaniaglobalgroup.com\/#\/schema\/logo\/image\/","url":"https:\/\/zemsaniaglobalgroup.com\/wp-content\/uploads\/2024\/04\/logo-zemsania-horiz.svg","contentUrl":"https:\/\/zemsaniaglobalgroup.com\/wp-content\/uploads\/2024\/04\/logo-zemsania-horiz.svg","caption":"Zemsania Global Group"},"image":{"@id":"https:\/\/zemsaniaglobalgroup.com\/#\/schema\/logo\/image\/"},"sameAs":["https:\/\/www.linkedin.com\/company\/zemsania-global-group"]}]}},"uagb_featured_image_src":{"full":false,"thumbnail":false,"medium":false,"medium_large":false,"large":false,"1536x1536":false,"2048x2048":false,"trp-custom-language-flag":false,"cover":false},"uagb_author_info":{"display_name":"jmarin","author_link":"https:\/\/zemsaniaglobalgroup.com\/ca\/author\/jmarin\/"},"uagb_comment_info":0,"uagb_excerpt":"La empresa titular de esta web es \u201cZEMSANIA, S.L.\u201d, con domicilio en Av. Diagonal 441, 1\u00ba 08036 Barcelona y n\u00ba de C.I.F. B-63130074, inscrita el 24 de marzo de 2003 en el Registro Mercantil de Barcelona con tomo 35.409, folio 131, hoja n\u00ba B-266658, inscripci\u00f3n 1\u00aa y con n\u00ba de protocolo 290. Correo electr\u00f3nico de&hellip;","_links":{"self":[{"href":"https:\/\/zemsaniaglobalgroup.com\/ca\/wp-json\/wp\/v2\/pages\/28117","targetHints":{"allow":["GET"]}}],"collection":[{"href":"https:\/\/zemsaniaglobalgroup.com\/ca\/wp-json\/wp\/v2\/pages"}],"about":[{"href":"https:\/\/zemsaniaglobalgroup.com\/ca\/wp-json\/wp\/v2\/types\/page"}],"author":[{"embeddable":true,"href":"https:\/\/zemsaniaglobalgroup.com\/ca\/wp-json\/wp\/v2\/users\/1"}],"replies":[{"embeddable":true,"href":"https:\/\/zemsaniaglobalgroup.com\/ca\/wp-json\/wp\/v2\/comments?post=28117"}],"version-history":[{"count":0,"href":"https:\/\/zemsaniaglobalgroup.com\/ca\/wp-json\/wp\/v2\/pages\/28117\/revisions"}],"wp:attachment":[{"href":"https:\/\/zemsaniaglobalgroup.com\/ca\/wp-json\/wp\/v2\/media?parent=28117"}],"curies":[{"name":"wp","href":"https:\/\/api.w.org\/{rel}","templated":true}]}}