{"id":31362,"date":"2023-08-23T14:27:58","date_gmt":"2023-08-23T14:27:58","guid":{"rendered":"https:\/\/zemsaniaglobalgroup.com\/?page_id=31362"},"modified":"2025-02-25T14:17:00","modified_gmt":"2025-02-25T12:17:00","slug":"politica-de-cookies","status":"publish","type":"page","link":"https:\/\/zemsaniaglobalgroup.com\/ca\/politica-de-cookies\/","title":{"rendered":"Pol\u00edtica de cookies"},"content":{"rendered":"<div class=\"wp-block-uagb-container uagb-block-8718d1ac alignfull uagb-is-root-container\">\n<div class=\"wp-block-columns is-layout-flex wp-container-core-columns-is-layout-9d6595d7 wp-block-columns-is-layout-flex\">\n<div class=\"wp-block-column is-layout-flow wp-block-column-is-layout-flow\" style=\"flex-basis:100%\">\n<p>A Grupo Empresarial ZEMSANIA, informem als nostres usuaris que la nostra p\u00e0gina web utilitza cookies per garantir-ne el funcionament correcte, millorar l&#039;experi\u00e8ncia de navegaci\u00f3, analitzar el tr\u00e0nsit i oferir continguts personalitzats.<\/p>\n\n\n\n<p><strong>Qu\u00e8 s\u00f3n les galetes?<\/strong><\/p>\n\n\n\n<p>Les galetes s\u00f3n petits arxius de text que els llocs web emmagatzemen al navegador de l&#039;usuari quan els visita. Aquestes cookies permeten al lloc web recordar informaci\u00f3 sobre la visita de l&#039;usuari, com ara el vostre idioma preferit, les p\u00e0gines que heu visitat o les configuracions de sessi\u00f3, millorant aix\u00ed l&#039;experi\u00e8ncia de l&#039;usuari en futures visites.<\/p>\n\n\n\n<p><strong>Tipus de cookies que utilitzem<\/strong><\/p>\n\n\n\n<p>A la nostra p\u00e0gina web utilitzem els seg\u00fcents tipus de cookies:<\/p>\n\n\n\n<ol class=\"wp-block-list\">\n<li><strong>Cookies estrictament necess\u00e0ries:<\/strong><\/li>\n<\/ol>\n\n\n\n<p>Aquestes galetes s\u00f3n essencials per al funcionament b\u00e0sic del lloc web. Sense aquestes, alguns serveis o funcions no estarien disponibles.<\/p>\n\n\n\n<ul class=\"wp-block-list\">\n<li>Exemple: gesti\u00f3 de l\u201fautenticaci\u00f3 d\u201fusuaris.<\/li>\n<\/ul>\n\n\n\n<ol start=\"2\" class=\"wp-block-list\">\n<li><strong>Cookies de personalitzaci\u00f3:<\/strong><\/li>\n<\/ol>\n\n\n\n<p>Aquestes galetes permeten recordar les prefer\u00e8ncies de l&#039;usuari, com l&#039;idioma o la regi\u00f3 des de la qual accedeix al lloc web, per oferir-vos una experi\u00e8ncia m\u00e9s adaptada a les vostres necessitats.<\/p>\n\n\n\n<ol start=\"3\" class=\"wp-block-list\">\n<li><strong>Galetes d&#039;an\u00e0lisi o mesura:<\/strong><\/li>\n<\/ol>\n\n\n\n<p>Utilitzem eines com&nbsp;<strong>Google Analytics<\/strong>&nbsp;per recopilar informaci\u00f3 sobre com els usuaris interactuen amb el nostre lloc.<\/p>\n\n\n\n<ul class=\"wp-block-list\">\n<li style=\"padding-top:var(--wp--preset--spacing--20);padding-bottom:var(--wp--preset--spacing--20)\">Dades recopilades: nombre de visites, p\u00e0gines visitades, temps de perman\u00e8ncia, ubicaci\u00f3 geogr\u00e0fica aproximada (a trav\u00e9s de l&#039;adre\u00e7a IP), navegador i dispositiu utilitzat.<\/li>\n\n\n\n<li style=\"padding-top:var(--wp--preset--spacing--20);padding-bottom:var(--wp--preset--spacing--20)\">Aquestes galetes no recopilen informaci\u00f3 personal com noms, cognoms o adreces postals.<\/li>\n<\/ul>\n\n\n\n<ol start=\"4\" class=\"wp-block-list\">\n<li><strong>Cookies de publicitat i m\u00e0rqueting:<\/strong><\/li>\n<\/ol>\n\n\n\n<p>Aquestes cookies es fan servir per gestionar els espais publicitaris i mostrar contingut rellevant en funci\u00f3 dels interessos de lusuari. Tamb\u00e9 ens ajuden a mesurar l\u00b4efectivitat de les nostres campanyes publicit\u00e0ries.<\/p>\n\n\n\n<p><strong>Finalitat de l&#039;\u00fas de galetes<\/strong><\/p>\n\n\n\n<p>L&#039;\u00fas de cookies al nostre lloc web t\u00e9 com a objectius principals:<\/p>\n\n\n\n<ul class=\"wp-block-list\">\n<li style=\"padding-top:var(--wp--preset--spacing--20);padding-bottom:var(--wp--preset--spacing--20)\">Garantir el funcionament correcte de la web.<\/li>\n\n\n\n<li style=\"padding-top:var(--wp--preset--spacing--20);padding-bottom:var(--wp--preset--spacing--20)\">Millorar lexperi\u00e8ncia dusuari mitjan\u00e7ant la personalitzaci\u00f3 de continguts i serveis.<\/li>\n\n\n\n<li style=\"padding-top:var(--wp--preset--spacing--20);padding-bottom:var(--wp--preset--spacing--20)\">Analitzar el comportament de navegaci\u00f3 per optimitzar el nostre lloc i serveis.<\/li>\n\n\n\n<li style=\"padding-top:var(--wp--preset--spacing--20);padding-bottom:var(--wp--preset--spacing--20)\">Facilitar l&#039;acc\u00e9s a funcionalitats addicionals, com ara xarxes socials o formularis interactius.<\/li>\n<\/ul>\n\n\n\n<p><strong>Eines utilitzades: Google Analytics<\/strong><\/p>\n\n\n\n<p>Per a l&#039;an\u00e0lisi de dades, utilitzem&nbsp;<strong>Google Analytics<\/strong>, que utilitza cookies per recopilar informaci\u00f3 de navegaci\u00f3 de manera an\u00f2nima.<\/p>\n\n\n\n<ul class=\"wp-block-list\">\n<li style=\"padding-top:var(--wp--preset--spacing--20);padding-bottom:var(--wp--preset--spacing--20)\">Google Analytics no recull informaci\u00f3 personal identificable.<\/li>\n\n\n\n<li style=\"padding-top:var(--wp--preset--spacing--20);padding-bottom:var(--wp--preset--spacing--20)\">La informaci\u00f3 generada per les galetes de Google Analytics (com l&#039;adre\u00e7a IP) pot ser transmesa a servidors de Google als Estats Units. En aquests casos, garantim que aquestes transfer\u00e8ncies compleixen les normatives aplicables, com ara el Reglament General de Protecci\u00f3 de Dades (RGPD).<\/li>\n<\/ul>\n\n\n\n<p><strong>Gesti\u00f3 de les cookies al vostre navegador<\/strong><\/p>\n\n\n\n<p>Podeu acceptar, bloquejar o eliminar les galetes instal\u00b7lades al vostre equip configurant les opcions del vostre navegador web. A continuaci\u00f3, us proporcionem enlla\u00e7os a les instruccions per gestionar cookies als navegadors m\u00e9s populars:<\/p>\n\n\n\n<ul class=\"wp-block-list\">\n<li style=\"padding-top:var(--wp--preset--spacing--20);padding-bottom:var(--wp--preset--spacing--20)\"><strong>Google Chrome:<\/strong>\u00a0<a href=\"https:\/\/support.google.com\/chrome\/answer\/95647?hl=es\">https:\/\/support.google.com\/chrome\/answer\/95647?hl=es<\/a><\/li>\n\n\n\n<li style=\"padding-top:var(--wp--preset--spacing--20);padding-bottom:var(--wp--preset--spacing--20)\"><strong>Mozilla Firefox:<\/strong>\u00a0<a href=\"https:\/\/support.mozilla.org\/es\/kb\/habilitar-y-deshabilitar-cookies-sitios-web-rastrear-preferencias?redirectslug=habilitar-y-deshabilitar-cookies-que-los-sitios-we&amp;redirectlocale=es\">https:\/\/support.mozilla.org\/es\/kb\/habilitar-y-deshabilitar-cookies-sitios-web-rastrear-preferencias?redirectslug=habilitar-y-deshabilitar-cookies-que-los-sitios-we&amp;redirectlocale=es<\/a><\/li>\n\n\n\n<li style=\"padding-top:var(--wp--preset--spacing--20);padding-bottom:var(--wp--preset--spacing--20)\"><strong>Microsoft Edge:<\/strong>\u00a0<a href=\"https:\/\/support.microsoft.com\/es-es\/windows\/administrar-cookies-en-microsoft-edge-ver-permitir-bloquear-eliminar-y-usar-168dab11-0753-043d-7c16-ede5947fc64d\">https:\/\/support.microsoft.com\/es-es\/windows\/administrar-cookies-en-microsoft-edge-ver-permitir-bloquear-eliminar-y-usar-168dab11-0753-043d-7c16-ede5947fc64d<\/a><\/li>\n\n\n\n<li style=\"padding-top:var(--wp--preset--spacing--20);padding-bottom:var(--wp--preset--spacing--20)\"><strong>Safari:<\/strong>\u00a0<a href=\"https:\/\/support.apple.com\/es-es\/guide\/safari\/sfri11471\/mac\">https:\/\/support.apple.com\/es-es\/guide\/safari\/sfri11471\/mac<\/a><\/li>\n\n\n\n<li style=\"padding-top:var(--wp--preset--spacing--20);padding-bottom:var(--wp--preset--spacing--20)\"><strong>Internet Explorer:<\/strong>\u00a0<a href=\"https:\/\/support.microsoft.com\/es-es\/windows\">https:\/\/support.microsoft.com\/es-es\/windows<\/a><\/li>\n<\/ul>\n\n\n\n<p>Si utilitzeu un altre navegador, consulteu la documentaci\u00f3 o la secci\u00f3 d&#039;ajuda corresponent.<\/p>\n\n\n\n<p><strong>Configuraci\u00f3 i consentiment de cookies a la nostra web<\/strong><\/p>\n\n\n\n<p>En visitar el nostre lloc per primera vegada, se us mostrar\u00e0 un banner informatiu sobre l&#039;\u00fas de cookies. Teniu l&#039;opci\u00f3 d&#039;acceptar totes les galetes, rebutjar-les o personalitzar-ne la configuraci\u00f3 segons les vostres prefer\u00e8ncies.<\/p>\n\n\n\n<p>En qualsevol moment, podeu modificar el vostre consentiment accedint a la secci\u00f3 de&nbsp;<strong>Configuraci\u00f3 de Cookies<\/strong>&nbsp;disponible al peu de p\u00e0gina del nostre lloc web.<\/p>\n\n\n\n<p><strong>Conseq\u00fc\u00e8ncies de desactivar les cookies<\/strong><\/p>\n\n\n\n<p>El bloqueig o eliminaci\u00f3 de les galetes pot afectar el funcionament del lloc web. Algunes funcionalitats o serveis poden no estar disponibles o no funcionar correctament si desactiva les galetes estrictament necess\u00e0ries.<\/p>\n\n\n\n<p><strong>Durada de les cookies<\/strong><\/p>\n\n\n\n<p>Les cookies utilitzades al nostre lloc web poden ser:<\/p>\n\n\n\n<ul class=\"wp-block-list\">\n<li style=\"padding-top:var(--wp--preset--spacing--20);padding-bottom:var(--wp--preset--spacing--20)\"><strong>De sessi\u00f3:<\/strong>\u00a0s&#039;eliminen autom\u00e0ticament en tancar el navegador.<\/li>\n\n\n\n<li style=\"padding-top:var(--wp--preset--spacing--20);padding-bottom:var(--wp--preset--spacing--20)\"><strong>Persistents:<\/strong>\u00a0romanen al dispositiu fins a una data de caducitat establerta o fins que les elimineu manualment.<\/li>\n<\/ul>\n\n\n\n<p><strong>M\u00e9s informaci\u00f3 i contacte<\/strong><\/p>\n\n\n\n<p>Si teniu preguntes sobre la nostra Pol\u00edtica de Cookies, no dubteu a contactar amb nosaltres a trav\u00e9s del correu electr\u00f2nic:&nbsp;<a href=\"mailto:dpdzemsaniagroup@zemsania.com\"><strong>dpdzemsaniagroup@zemsania.com<\/strong><\/a><\/p>\n\n\n\n<p><strong>\u00daltima actualitzaci\u00f3:<\/strong>&nbsp;19\/11\/2024<\/p>\n<\/div>\n<\/div>\n<\/div>","protected":false},"excerpt":{"rendered":"<p>En Grupo Empresarial ZEMSANIA, informamos a nuestros usuarios de que nuestra p\u00e1gina web utiliza cookies para garantizar su correcto funcionamiento, mejorar la experiencia de navegaci\u00f3n, analizar el tr\u00e1fico y ofrecer contenidos personalizados. \u00bfQu\u00e9 son las cookies? Las cookies son peque\u00f1os archivos de texto que los sitios web almacenan en el navegador del usuario cuando los [&hellip;]<\/p>\n","protected":false},"author":1,"featured_media":0,"parent":0,"menu_order":16,"comment_status":"closed","ping_status":"closed","template":"","meta":{"_acf_changed":false,"inline_featured_image":false,"_uag_custom_page_level_css":"","footnotes":""},"class_list":["post-31362","page","type-page","status-publish","hentry"],"acf":[],"yoast_head":"<!-- This site is optimized with the Yoast SEO plugin v27.4 - https:\/\/yoast.com\/product\/yoast-seo-wordpress\/ -->\n<title>Pol\u00edtica de cookies - Zemsania Global Group<\/title>\n<meta name=\"robots\" content=\"index, follow, max-snippet:-1, max-image-preview:large, max-video-preview:-1\" \/>\n<link rel=\"canonical\" href=\"https:\/\/zemsaniaglobalgroup.com\/ca\/politica-de-cookies\/\" \/>\n<meta property=\"og:locale\" content=\"ca_ES\" \/>\n<meta property=\"og:type\" content=\"article\" \/>\n<meta property=\"og:title\" content=\"Pol\u00edtica de cookies - Zemsania Global Group\" \/>\n<meta property=\"og:description\" content=\"En Grupo Empresarial ZEMSANIA, informamos a nuestros usuarios de que nuestra p\u00e1gina web utiliza cookies para garantizar su correcto funcionamiento, mejorar la experiencia de navegaci\u00f3n, analizar el tr\u00e1fico y ofrecer contenidos personalizados. \u00bfQu\u00e9 son las cookies? Las cookies son peque\u00f1os archivos de texto que los sitios web almacenan en el navegador del usuario cuando los [&hellip;]\" \/>\n<meta property=\"og:url\" content=\"https:\/\/zemsaniaglobalgroup.com\/ca\/politica-de-cookies\/\" \/>\n<meta property=\"og:site_name\" content=\"Zemsania Global Group\" \/>\n<meta property=\"article:modified_time\" content=\"2025-02-25T12:17:00+00:00\" \/>\n<meta property=\"og:image\" content=\"https:\/\/zemsaniaglobalgroup.com\/wp-content\/uploads\/2025\/11\/Portada-para-redes-web.png\" \/>\n\t<meta property=\"og:image:width\" content=\"1280\" \/>\n\t<meta property=\"og:image:height\" content=\"720\" \/>\n\t<meta property=\"og:image:type\" content=\"image\/png\" \/>\n<meta name=\"twitter:card\" content=\"summary_large_image\" \/>\n<meta name=\"twitter:label1\" content=\"Temps estimat de lectura\" \/>\n\t<meta name=\"twitter:data1\" content=\"2 minuts\" \/>\n<script type=\"application\/ld+json\" class=\"yoast-schema-graph\">{\"@context\":\"https:\\\/\\\/schema.org\",\"@graph\":[{\"@type\":\"WebPage\",\"@id\":\"https:\\\/\\\/zemsaniaglobalgroup.com\\\/politica-de-cookies\\\/\",\"url\":\"https:\\\/\\\/zemsaniaglobalgroup.com\\\/politica-de-cookies\\\/\",\"name\":\"Pol\u00edtica de cookies - Zemsania Global Group\",\"isPartOf\":{\"@id\":\"https:\\\/\\\/zemsaniaglobalgroup.com\\\/#website\"},\"datePublished\":\"2023-08-23T14:27:58+00:00\",\"dateModified\":\"2025-02-25T12:17:00+00:00\",\"breadcrumb\":{\"@id\":\"https:\\\/\\\/zemsaniaglobalgroup.com\\\/politica-de-cookies\\\/#breadcrumb\"},\"inLanguage\":\"ca\",\"potentialAction\":[{\"@type\":\"ReadAction\",\"target\":[\"https:\\\/\\\/zemsaniaglobalgroup.com\\\/politica-de-cookies\\\/\"]}]},{\"@type\":\"BreadcrumbList\",\"@id\":\"https:\\\/\\\/zemsaniaglobalgroup.com\\\/politica-de-cookies\\\/#breadcrumb\",\"itemListElement\":[{\"@type\":\"ListItem\",\"position\":1,\"name\":\"Portada\",\"item\":\"https:\\\/\\\/zemsaniaglobalgroup.com\\\/\"},{\"@type\":\"ListItem\",\"position\":2,\"name\":\"Pol\u00edtica de cookies\"}]},{\"@type\":\"WebSite\",\"@id\":\"https:\\\/\\\/zemsaniaglobalgroup.com\\\/#website\",\"url\":\"https:\\\/\\\/zemsaniaglobalgroup.com\\\/\",\"name\":\"Zemsania Global Group\",\"description\":\"Ofrecemos soluciones digitales innovadoras y talento IT especializado, siendo un referente para nuestros clientes y un partner tecnol\u00f3gico de confianza en los diferentes procesos empresariales.\",\"publisher\":{\"@id\":\"https:\\\/\\\/zemsaniaglobalgroup.com\\\/#organization\"},\"alternateName\":\"Zemsania\",\"potentialAction\":[{\"@type\":\"SearchAction\",\"target\":{\"@type\":\"EntryPoint\",\"urlTemplate\":\"https:\\\/\\\/zemsaniaglobalgroup.com\\\/?s={search_term_string}\"},\"query-input\":{\"@type\":\"PropertyValueSpecification\",\"valueRequired\":true,\"valueName\":\"search_term_string\"}}],\"inLanguage\":\"ca\"},{\"@type\":\"Organization\",\"@id\":\"https:\\\/\\\/zemsaniaglobalgroup.com\\\/#organization\",\"name\":\"Zemsania Global Group\",\"alternateName\":\"Zemsania\",\"url\":\"https:\\\/\\\/zemsaniaglobalgroup.com\\\/\",\"logo\":{\"@type\":\"ImageObject\",\"inLanguage\":\"ca\",\"@id\":\"https:\\\/\\\/zemsaniaglobalgroup.com\\\/#\\\/schema\\\/logo\\\/image\\\/\",\"url\":\"https:\\\/\\\/zemsaniaglobalgroup.com\\\/wp-content\\\/uploads\\\/2024\\\/04\\\/logo-zemsania-horiz.svg\",\"contentUrl\":\"https:\\\/\\\/zemsaniaglobalgroup.com\\\/wp-content\\\/uploads\\\/2024\\\/04\\\/logo-zemsania-horiz.svg\",\"caption\":\"Zemsania Global Group\"},\"image\":{\"@id\":\"https:\\\/\\\/zemsaniaglobalgroup.com\\\/#\\\/schema\\\/logo\\\/image\\\/\"},\"sameAs\":[\"https:\\\/\\\/www.linkedin.com\\\/company\\\/zemsania-global-group\"]}]}<\/script>\n<!-- \/ Yoast SEO plugin. -->","yoast_head_json":{"title":"Pol\u00edtica de cookies - Zemsania Global Group","robots":{"index":"index","follow":"follow","max-snippet":"max-snippet:-1","max-image-preview":"max-image-preview:large","max-video-preview":"max-video-preview:-1"},"canonical":"https:\/\/zemsaniaglobalgroup.com\/ca\/politica-de-cookies\/","og_locale":"ca_ES","og_type":"article","og_title":"Pol\u00edtica de cookies - Zemsania Global Group","og_description":"En Grupo Empresarial ZEMSANIA, informamos a nuestros usuarios de que nuestra p\u00e1gina web utiliza cookies para garantizar su correcto funcionamiento, mejorar la experiencia de navegaci\u00f3n, analizar el tr\u00e1fico y ofrecer contenidos personalizados. \u00bfQu\u00e9 son las cookies? Las cookies son peque\u00f1os archivos de texto que los sitios web almacenan en el navegador del usuario cuando los [&hellip;]","og_url":"https:\/\/zemsaniaglobalgroup.com\/ca\/politica-de-cookies\/","og_site_name":"Zemsania Global Group","article_modified_time":"2025-02-25T12:17:00+00:00","og_image":[{"width":1280,"height":720,"url":"https:\/\/zemsaniaglobalgroup.com\/wp-content\/uploads\/2025\/11\/Portada-para-redes-web.png","type":"image\/png"}],"twitter_card":"summary_large_image","twitter_misc":{"Temps estimat de lectura":"2 minuts"},"schema":{"@context":"https:\/\/schema.org","@graph":[{"@type":"WebPage","@id":"https:\/\/zemsaniaglobalgroup.com\/politica-de-cookies\/","url":"https:\/\/zemsaniaglobalgroup.com\/politica-de-cookies\/","name":"Pol\u00edtica de cookies - Zemsania Global Group","isPartOf":{"@id":"https:\/\/zemsaniaglobalgroup.com\/#website"},"datePublished":"2023-08-23T14:27:58+00:00","dateModified":"2025-02-25T12:17:00+00:00","breadcrumb":{"@id":"https:\/\/zemsaniaglobalgroup.com\/politica-de-cookies\/#breadcrumb"},"inLanguage":"ca","potentialAction":[{"@type":"ReadAction","target":["https:\/\/zemsaniaglobalgroup.com\/politica-de-cookies\/"]}]},{"@type":"BreadcrumbList","@id":"https:\/\/zemsaniaglobalgroup.com\/politica-de-cookies\/#breadcrumb","itemListElement":[{"@type":"ListItem","position":1,"name":"Portada","item":"https:\/\/zemsaniaglobalgroup.com\/"},{"@type":"ListItem","position":2,"name":"Pol\u00edtica de cookies"}]},{"@type":"WebSite","@id":"https:\/\/zemsaniaglobalgroup.com\/#website","url":"https:\/\/zemsaniaglobalgroup.com\/","name":"Zemsania Global Group","description":"Oferim solucions digitals innovadores i talent IT especialitzat, essent un referent pels nostres clients i un partner tecnol\u00f2gic de confian\u00e7a en els diferents processos empresarials.","publisher":{"@id":"https:\/\/zemsaniaglobalgroup.com\/#organization"},"alternateName":"Zemsania","potentialAction":[{"@type":"SearchAction","target":{"@type":"EntryPoint","urlTemplate":"https:\/\/zemsaniaglobalgroup.com\/?s={search_term_string}"},"query-input":{"@type":"PropertyValueSpecification","valueRequired":true,"valueName":"search_term_string"}}],"inLanguage":"ca"},{"@type":"Organization","@id":"https:\/\/zemsaniaglobalgroup.com\/#organization","name":"Zemsania Global Group","alternateName":"Zemsania","url":"https:\/\/zemsaniaglobalgroup.com\/","logo":{"@type":"ImageObject","inLanguage":"ca","@id":"https:\/\/zemsaniaglobalgroup.com\/#\/schema\/logo\/image\/","url":"https:\/\/zemsaniaglobalgroup.com\/wp-content\/uploads\/2024\/04\/logo-zemsania-horiz.svg","contentUrl":"https:\/\/zemsaniaglobalgroup.com\/wp-content\/uploads\/2024\/04\/logo-zemsania-horiz.svg","caption":"Zemsania Global Group"},"image":{"@id":"https:\/\/zemsaniaglobalgroup.com\/#\/schema\/logo\/image\/"},"sameAs":["https:\/\/www.linkedin.com\/company\/zemsania-global-group"]}]}},"uagb_featured_image_src":{"full":false,"thumbnail":false,"medium":false,"medium_large":false,"large":false,"1536x1536":false,"2048x2048":false,"trp-custom-language-flag":false,"cover":false},"uagb_author_info":{"display_name":"jmarin","author_link":"https:\/\/zemsaniaglobalgroup.com\/ca\/author\/jmarin\/"},"uagb_comment_info":0,"uagb_excerpt":"En Grupo Empresarial ZEMSANIA, informamos a nuestros usuarios de que nuestra p\u00e1gina web utiliza cookies para garantizar su correcto funcionamiento, mejorar la experiencia de navegaci\u00f3n, analizar el tr\u00e1fico y ofrecer contenidos personalizados. \u00bfQu\u00e9 son las cookies? Las cookies son peque\u00f1os archivos de texto que los sitios web almacenan en el navegador del usuario cuando los&hellip;","_links":{"self":[{"href":"https:\/\/zemsaniaglobalgroup.com\/ca\/wp-json\/wp\/v2\/pages\/31362","targetHints":{"allow":["GET"]}}],"collection":[{"href":"https:\/\/zemsaniaglobalgroup.com\/ca\/wp-json\/wp\/v2\/pages"}],"about":[{"href":"https:\/\/zemsaniaglobalgroup.com\/ca\/wp-json\/wp\/v2\/types\/page"}],"author":[{"embeddable":true,"href":"https:\/\/zemsaniaglobalgroup.com\/ca\/wp-json\/wp\/v2\/users\/1"}],"replies":[{"embeddable":true,"href":"https:\/\/zemsaniaglobalgroup.com\/ca\/wp-json\/wp\/v2\/comments?post=31362"}],"version-history":[{"count":0,"href":"https:\/\/zemsaniaglobalgroup.com\/ca\/wp-json\/wp\/v2\/pages\/31362\/revisions"}],"wp:attachment":[{"href":"https:\/\/zemsaniaglobalgroup.com\/ca\/wp-json\/wp\/v2\/media?parent=31362"}],"curies":[{"name":"wp","href":"https:\/\/api.w.org\/{rel}","templated":true}]}}