{"id":31368,"date":"2023-08-23T14:30:11","date_gmt":"2023-08-23T14:30:11","guid":{"rendered":"https:\/\/zemsaniaglobalgroup.com\/?page_id=31368"},"modified":"2024-04-27T21:56:59","modified_gmt":"2024-04-27T19:56:59","slug":"politica-de-prevencio-de-riscos-laborals","status":"publish","type":"page","link":"https:\/\/zemsaniaglobalgroup.com\/ca\/politica-de-prevencion-de-riesgos-laborales\/","title":{"rendered":"Pol\u00edtica de Prevenci\u00f3 de Riscos Laborals"},"content":{"rendered":"<div class=\"wp-block-uagb-container uagb-block-8718d1ac alignfull uagb-is-root-container\">\n<div class=\"wp-block-columns is-not-stacked-on-mobile is-layout-flex wp-container-core-columns-is-layout-9d6595d7 wp-block-columns-is-layout-flex\">\n<div class=\"wp-block-column is-layout-flow wp-block-column-is-layout-flow\" style=\"flex-basis:100%\">\n<p>El Grup Empresarial ZEMSANIA assumeix com a principi de filosofia empresarial que la productivitat emana de la qualitat del servei prestat i nom\u00e9s \u00e9s possible si l&#039;activitat dels treballadors es desenvolupa en plenes condicions de seguretat i salut. La consecuci\u00f3 d&#039;unes condicions de seguretat i salut necess\u00e0ries per al desenvolupament de la normal activitat de les empreses t\u00e9 el seu referent en el marc normatiu en mat\u00e8ria de prevenci\u00f3 de riscos laborals, i aquest marc \u00e9s el punt de partida de l&#039;acci\u00f3 preventiva.<\/p>\n\n\n\n<p>A continuaci\u00f3, es defineix l&#039;abast:<\/p>\n\n\n\n<p><strong>ZEMSANIA, SL.<\/strong><\/p>\n\n\n\n<p>Desenvolupament de projectes tecnol\u00f2gics i estudis de consultoria TIC.<\/p>\n\n\n\n<p><strong>ZEMSANIA TECH OUTSOURCING SERVICES, SLU.<\/strong><\/p>\n\n\n\n<p>Selecci\u00f3 i reclutament de professionals del sector TIC.<\/p>\n\n\n\n<p>Desenvolupament de projectes tecnol\u00f2gics del sector TIC.<\/p>\n\n\n\n<p>Definits els est\u00e0ndards de seguretat exigibles per a tots els llocs de treball de l&#039;organitzaci\u00f3, la integraci\u00f3 dels aspectes relatius a l&#039;activitat preventiva en totes les actuacions i decisions adoptades per l&#039;empresa, mitjan\u00e7ant l&#039;atribuci\u00f3 de funcions i responsabilitats a tots els nivells de l&#039;organitzaci\u00f3, Grup Zemsania adquireix els compromisos seg\u00fcents:<\/p>\n\n\n\n<ul class=\"wp-block-list\">\n<li>Desenvolupar les seves activitats considerant com a valors essencials la&nbsp;<strong>seguretat i salut de les persones<\/strong>.<\/li>\n\n\n\n<li>Eliminar els perills i reduir els riscos per al sistema de seguretat i salut a la feina, aconseguint un&nbsp;<strong>entorn de treball segur<\/strong>.<\/li>\n\n\n\n<li>La direcci\u00f3 mantindr\u00e0 operatius i realitzar\u00e0 el seguiment dels plans i programes de prevenci\u00f3 necessaris per garantir que les actuacions dutes a terme per l&#039;empresa compleixen amb la legislaci\u00f3 vigent aplicable en mat\u00e8ria de seguretat i salut a la feina, aix\u00ed com en altres requisits addicionals assumits com a propis.<\/li>\n\n\n\n<li>Avan\u00e7ar a la&nbsp;<strong>millora cont\u00ednua<\/strong>&nbsp;de la gesti\u00f3 de la seguretat i salut a la feina, aix\u00ed com la prevenci\u00f3 dels danys i el deteriorament de la salut.<\/li>\n\n\n\n<li>Fomentar una&nbsp;<strong>cultura preventiva<\/strong>&nbsp;a tots els nivells de l&#039;organitzaci\u00f3.<\/li>\n\n\n\n<li>Formar i informar els treballadors sobre els riscos inherents a la seva feina i sobre les mesures que cal adoptar per a la seva correcta prevenci\u00f3.<\/li>\n\n\n\n<li>Assignar els recursos necessaris i planificar la manera adequada la utilitzaci\u00f3 dels mateixos per donar compliment als objectius marcats.<\/li>\n\n\n\n<li>Per a la consulta i la participaci\u00f3 dels treballadors i dels seus representants en la mat\u00e8ria.<\/li>\n<\/ul>\n\n\n\n<p>El seguiment de la validesa del sistema preventiu, mitjan\u00e7ant la planificaci\u00f3 de les activitats i la seva implantaci\u00f3, considerant els aspectes t\u00e8cnics, organitzatius, mediambientals, socials i tots els altres que tinguin influ\u00e8ncia en les condicions de treball, constitueix una eina de millora cont\u00ednua essencial en l&#039;adaptaci\u00f3 del sistema a la pr\u00f2pia evoluci\u00f3 de la nostra organitzaci\u00f3.<\/p>\n\n\n\n<p>La Direcci\u00f3 del Grup Empresarial ZEMSANIA reconeix que per aconseguir aquests compromisos \u00e9s imprescindible la&nbsp;<strong>sensibilitzaci\u00f3 i participaci\u00f3 del personal<\/strong>, per la qual cosa difon aquesta Declaraci\u00f3 de la Pol\u00edtica de Prevenci\u00f3 de Riscos Laborals a tot el personal, estant a disposici\u00f3 de les parts interessades.<\/p>\n\n\n\n<p><em>A Barcelona, 15 de juliol de 2023<\/em><\/p>\n\n\n\n<p><em>La Direcci\u00f3 de ZEMSANIA<\/em><\/p>\n<\/div>\n<\/div>\n<\/div>","protected":false},"excerpt":{"rendered":"<p>El Grupo Empresarial ZEMSANIA asume como principio de filosof\u00eda empresarial que la productividad emana de la calidad del servicio prestado y \u00e9sta tan solo es posible si la actividad de los trabajadores se desarrolla en plenas condiciones de seguridad y salud. La consecuci\u00f3n de unas condiciones de seguridad y salud necesarias para el desarrollo de [&hellip;]<\/p>\n","protected":false},"author":1,"featured_media":0,"parent":0,"menu_order":19,"comment_status":"closed","ping_status":"closed","template":"","meta":{"_acf_changed":false,"inline_featured_image":false,"_uag_custom_page_level_css":"","footnotes":""},"class_list":["post-31368","page","type-page","status-publish","hentry"],"acf":[],"yoast_head":"<!-- This site is optimized with the Yoast SEO plugin v27.4 - https:\/\/yoast.com\/product\/yoast-seo-wordpress\/ -->\n<title>Pol\u00edtica de Prevenci\u00f3n de Riesgos Laborales - Zemsania Global Group<\/title>\n<meta name=\"robots\" content=\"index, follow, max-snippet:-1, max-image-preview:large, max-video-preview:-1\" \/>\n<link rel=\"canonical\" href=\"https:\/\/zemsaniaglobalgroup.com\/ca\/politica-de-prevencio-de-riscos-laborals\/\" \/>\n<meta property=\"og:locale\" content=\"ca_ES\" \/>\n<meta property=\"og:type\" content=\"article\" \/>\n<meta property=\"og:title\" content=\"Pol\u00edtica de Prevenci\u00f3n de Riesgos Laborales - Zemsania Global Group\" \/>\n<meta property=\"og:description\" content=\"El Grupo Empresarial ZEMSANIA asume como principio de filosof\u00eda empresarial que la productividad emana de la calidad del servicio prestado y \u00e9sta tan solo es posible si la actividad de los trabajadores se desarrolla en plenas condiciones de seguridad y salud. La consecuci\u00f3n de unas condiciones de seguridad y salud necesarias para el desarrollo de [&hellip;]\" \/>\n<meta property=\"og:url\" content=\"https:\/\/zemsaniaglobalgroup.com\/ca\/politica-de-prevencio-de-riscos-laborals\/\" \/>\n<meta property=\"og:site_name\" content=\"Zemsania Global Group\" \/>\n<meta property=\"article:modified_time\" content=\"2024-04-27T19:56:59+00:00\" \/>\n<meta property=\"og:image\" content=\"https:\/\/zemsaniaglobalgroup.com\/wp-content\/uploads\/2025\/11\/Portada-para-redes-web.png\" \/>\n\t<meta property=\"og:image:width\" content=\"1280\" \/>\n\t<meta property=\"og:image:height\" content=\"720\" \/>\n\t<meta property=\"og:image:type\" content=\"image\/png\" \/>\n<meta name=\"twitter:card\" content=\"summary_large_image\" \/>\n<meta name=\"twitter:label1\" content=\"Temps estimat de lectura\" \/>\n\t<meta name=\"twitter:data1\" content=\"3 minuts\" \/>\n<script type=\"application\/ld+json\" class=\"yoast-schema-graph\">{\"@context\":\"https:\\\/\\\/schema.org\",\"@graph\":[{\"@type\":\"WebPage\",\"@id\":\"https:\\\/\\\/zemsaniaglobalgroup.com\\\/politica-de-prevencion-de-riesgos-laborales\\\/\",\"url\":\"https:\\\/\\\/zemsaniaglobalgroup.com\\\/politica-de-prevencion-de-riesgos-laborales\\\/\",\"name\":\"Pol\u00edtica de Prevenci\u00f3n de Riesgos Laborales - Zemsania Global Group\",\"isPartOf\":{\"@id\":\"https:\\\/\\\/zemsaniaglobalgroup.com\\\/#website\"},\"datePublished\":\"2023-08-23T14:30:11+00:00\",\"dateModified\":\"2024-04-27T19:56:59+00:00\",\"breadcrumb\":{\"@id\":\"https:\\\/\\\/zemsaniaglobalgroup.com\\\/politica-de-prevencion-de-riesgos-laborales\\\/#breadcrumb\"},\"inLanguage\":\"ca\",\"potentialAction\":[{\"@type\":\"ReadAction\",\"target\":[\"https:\\\/\\\/zemsaniaglobalgroup.com\\\/politica-de-prevencion-de-riesgos-laborales\\\/\"]}]},{\"@type\":\"BreadcrumbList\",\"@id\":\"https:\\\/\\\/zemsaniaglobalgroup.com\\\/politica-de-prevencion-de-riesgos-laborales\\\/#breadcrumb\",\"itemListElement\":[{\"@type\":\"ListItem\",\"position\":1,\"name\":\"Portada\",\"item\":\"https:\\\/\\\/zemsaniaglobalgroup.com\\\/\"},{\"@type\":\"ListItem\",\"position\":2,\"name\":\"Pol\u00edtica de Prevenci\u00f3n de Riesgos Laborales\"}]},{\"@type\":\"WebSite\",\"@id\":\"https:\\\/\\\/zemsaniaglobalgroup.com\\\/#website\",\"url\":\"https:\\\/\\\/zemsaniaglobalgroup.com\\\/\",\"name\":\"Zemsania Global Group\",\"description\":\"Ofrecemos soluciones digitales innovadoras y talento IT especializado, siendo un referente para nuestros clientes y un partner tecnol\u00f3gico de confianza en los diferentes procesos empresariales.\",\"publisher\":{\"@id\":\"https:\\\/\\\/zemsaniaglobalgroup.com\\\/#organization\"},\"alternateName\":\"Zemsania\",\"potentialAction\":[{\"@type\":\"SearchAction\",\"target\":{\"@type\":\"EntryPoint\",\"urlTemplate\":\"https:\\\/\\\/zemsaniaglobalgroup.com\\\/?s={search_term_string}\"},\"query-input\":{\"@type\":\"PropertyValueSpecification\",\"valueRequired\":true,\"valueName\":\"search_term_string\"}}],\"inLanguage\":\"ca\"},{\"@type\":\"Organization\",\"@id\":\"https:\\\/\\\/zemsaniaglobalgroup.com\\\/#organization\",\"name\":\"Zemsania Global Group\",\"alternateName\":\"Zemsania\",\"url\":\"https:\\\/\\\/zemsaniaglobalgroup.com\\\/\",\"logo\":{\"@type\":\"ImageObject\",\"inLanguage\":\"ca\",\"@id\":\"https:\\\/\\\/zemsaniaglobalgroup.com\\\/#\\\/schema\\\/logo\\\/image\\\/\",\"url\":\"https:\\\/\\\/zemsaniaglobalgroup.com\\\/wp-content\\\/uploads\\\/2024\\\/04\\\/logo-zemsania-horiz.svg\",\"contentUrl\":\"https:\\\/\\\/zemsaniaglobalgroup.com\\\/wp-content\\\/uploads\\\/2024\\\/04\\\/logo-zemsania-horiz.svg\",\"caption\":\"Zemsania Global Group\"},\"image\":{\"@id\":\"https:\\\/\\\/zemsaniaglobalgroup.com\\\/#\\\/schema\\\/logo\\\/image\\\/\"},\"sameAs\":[\"https:\\\/\\\/www.linkedin.com\\\/company\\\/zemsania-global-group\"]}]}<\/script>\n<!-- \/ Yoast SEO plugin. -->","yoast_head_json":{"title":"Pol\u00edtica de Prevenci\u00f3 de Riscos Laborals - Zemsania Global Group","robots":{"index":"index","follow":"follow","max-snippet":"max-snippet:-1","max-image-preview":"max-image-preview:large","max-video-preview":"max-video-preview:-1"},"canonical":"https:\/\/zemsaniaglobalgroup.com\/ca\/politica-de-prevencio-de-riscos-laborals\/","og_locale":"ca_ES","og_type":"article","og_title":"Pol\u00edtica de Prevenci\u00f3n de Riesgos Laborales - Zemsania Global Group","og_description":"El Grupo Empresarial ZEMSANIA asume como principio de filosof\u00eda empresarial que la productividad emana de la calidad del servicio prestado y \u00e9sta tan solo es posible si la actividad de los trabajadores se desarrolla en plenas condiciones de seguridad y salud. La consecuci\u00f3n de unas condiciones de seguridad y salud necesarias para el desarrollo de [&hellip;]","og_url":"https:\/\/zemsaniaglobalgroup.com\/ca\/politica-de-prevencio-de-riscos-laborals\/","og_site_name":"Zemsania Global Group","article_modified_time":"2024-04-27T19:56:59+00:00","og_image":[{"width":1280,"height":720,"url":"https:\/\/zemsaniaglobalgroup.com\/wp-content\/uploads\/2025\/11\/Portada-para-redes-web.png","type":"image\/png"}],"twitter_card":"summary_large_image","twitter_misc":{"Temps estimat de lectura":"3 minuts"},"schema":{"@context":"https:\/\/schema.org","@graph":[{"@type":"WebPage","@id":"https:\/\/zemsaniaglobalgroup.com\/politica-de-prevencion-de-riesgos-laborales\/","url":"https:\/\/zemsaniaglobalgroup.com\/politica-de-prevencion-de-riesgos-laborales\/","name":"Pol\u00edtica de Prevenci\u00f3 de Riscos Laborals - Zemsania Global Group","isPartOf":{"@id":"https:\/\/zemsaniaglobalgroup.com\/#website"},"datePublished":"2023-08-23T14:30:11+00:00","dateModified":"2024-04-27T19:56:59+00:00","breadcrumb":{"@id":"https:\/\/zemsaniaglobalgroup.com\/politica-de-prevencion-de-riesgos-laborales\/#breadcrumb"},"inLanguage":"ca","potentialAction":[{"@type":"ReadAction","target":["https:\/\/zemsaniaglobalgroup.com\/politica-de-prevencion-de-riesgos-laborales\/"]}]},{"@type":"BreadcrumbList","@id":"https:\/\/zemsaniaglobalgroup.com\/politica-de-prevencion-de-riesgos-laborales\/#breadcrumb","itemListElement":[{"@type":"ListItem","position":1,"name":"Portada","item":"https:\/\/zemsaniaglobalgroup.com\/"},{"@type":"ListItem","position":2,"name":"Pol\u00edtica de Prevenci\u00f3n de Riesgos Laborales"}]},{"@type":"WebSite","@id":"https:\/\/zemsaniaglobalgroup.com\/#website","url":"https:\/\/zemsaniaglobalgroup.com\/","name":"Zemsania Global Group","description":"Oferim solucions digitals innovadores i talent IT especialitzat, essent un referent pels nostres clients i un partner tecnol\u00f2gic de confian\u00e7a en els diferents processos empresarials.","publisher":{"@id":"https:\/\/zemsaniaglobalgroup.com\/#organization"},"alternateName":"Zemsania","potentialAction":[{"@type":"SearchAction","target":{"@type":"EntryPoint","urlTemplate":"https:\/\/zemsaniaglobalgroup.com\/?s={search_term_string}"},"query-input":{"@type":"PropertyValueSpecification","valueRequired":true,"valueName":"search_term_string"}}],"inLanguage":"ca"},{"@type":"Organization","@id":"https:\/\/zemsaniaglobalgroup.com\/#organization","name":"Zemsania Global Group","alternateName":"Zemsania","url":"https:\/\/zemsaniaglobalgroup.com\/","logo":{"@type":"ImageObject","inLanguage":"ca","@id":"https:\/\/zemsaniaglobalgroup.com\/#\/schema\/logo\/image\/","url":"https:\/\/zemsaniaglobalgroup.com\/wp-content\/uploads\/2024\/04\/logo-zemsania-horiz.svg","contentUrl":"https:\/\/zemsaniaglobalgroup.com\/wp-content\/uploads\/2024\/04\/logo-zemsania-horiz.svg","caption":"Zemsania Global Group"},"image":{"@id":"https:\/\/zemsaniaglobalgroup.com\/#\/schema\/logo\/image\/"},"sameAs":["https:\/\/www.linkedin.com\/company\/zemsania-global-group"]}]}},"uagb_featured_image_src":{"full":false,"thumbnail":false,"medium":false,"medium_large":false,"large":false,"1536x1536":false,"2048x2048":false,"trp-custom-language-flag":false,"cover":false},"uagb_author_info":{"display_name":"jmarin","author_link":"https:\/\/zemsaniaglobalgroup.com\/ca\/author\/jmarin\/"},"uagb_comment_info":0,"uagb_excerpt":"El Grupo Empresarial ZEMSANIA asume como principio de filosof\u00eda empresarial que la productividad emana de la calidad del servicio prestado y \u00e9sta tan solo es posible si la actividad de los trabajadores se desarrolla en plenas condiciones de seguridad y salud. La consecuci\u00f3n de unas condiciones de seguridad y salud necesarias para el desarrollo de&hellip;","_links":{"self":[{"href":"https:\/\/zemsaniaglobalgroup.com\/ca\/wp-json\/wp\/v2\/pages\/31368","targetHints":{"allow":["GET"]}}],"collection":[{"href":"https:\/\/zemsaniaglobalgroup.com\/ca\/wp-json\/wp\/v2\/pages"}],"about":[{"href":"https:\/\/zemsaniaglobalgroup.com\/ca\/wp-json\/wp\/v2\/types\/page"}],"author":[{"embeddable":true,"href":"https:\/\/zemsaniaglobalgroup.com\/ca\/wp-json\/wp\/v2\/users\/1"}],"replies":[{"embeddable":true,"href":"https:\/\/zemsaniaglobalgroup.com\/ca\/wp-json\/wp\/v2\/comments?post=31368"}],"version-history":[{"count":0,"href":"https:\/\/zemsaniaglobalgroup.com\/ca\/wp-json\/wp\/v2\/pages\/31368\/revisions"}],"wp:attachment":[{"href":"https:\/\/zemsaniaglobalgroup.com\/ca\/wp-json\/wp\/v2\/media?parent=31368"}],"curies":[{"name":"wp","href":"https:\/\/api.w.org\/{rel}","templated":true}]}}