{"id":36942,"date":"2024-11-25T12:05:28","date_gmt":"2024-11-25T10:05:28","guid":{"rendered":"https:\/\/zemsaniaglobalgroup.com\/?page_id=36942"},"modified":"2024-12-05T10:49:18","modified_gmt":"2024-12-05T08:49:18","slug":"key-individual","status":"publish","type":"page","link":"https:\/\/zemsaniaglobalgroup.com\/ca\/key-individual\/","title":{"rendered":"Key Individual"},"content":{"rendered":"<div class=\"wp-block-stackable-columns stk-block-columns stk-block stk-4288b1e\" data-block-id=\"4288b1e\"><div class=\"stk-row stk-inner-blocks stk-block-content stk-content-align stk-4288b1e-column\">\n<div class=\"wp-block-stackable-column stk-block-column stk-column stk-block stk-e907358\" data-v=\"4\" data-block-id=\"e907358\"><style>@media screen and (min-width: 768px){.stk-e907358 {flex:var(--stk-flex-grow, 1) 1 calc(60.5% - var(--stk-column-gap, 0px) * 1 \/ 2 ) !important;}}<\/style><div class=\"stk-column-wrapper stk-block-column__content stk-container stk-e907358-container stk--no-background stk--no-padding\"><div class=\"stk-block-content stk-inner-blocks stk-e907358-inner-blocks\">\n<p><strong>Estructura y organiza tus equipos y estrategias con profesionales de alto nivel.<\/strong> Dentro del servicio Extended Teams, puedes integrar, con la paquetizaci\u00f3n del servicio de perfiles clave, a profesionales dif\u00edciles de reclutar en el mercado permitiendo que tu equipo in-house se apoye en sus conocimientos y habilidades durante un tiempo determinado.<\/p>\n\n\n\n<p>Una soluci\u00f3n para PYMES en busca de guidance para su crecimiento.<\/p>\n<\/div><\/div><\/div>\n\n\n\n<div class=\"wp-block-stackable-column stk-block-column stk-column stk-block stk-825075b\" data-v=\"4\" data-block-id=\"825075b\"><style>@media screen and (min-width: 768px){.stk-825075b {flex:var(--stk-flex-grow, 1) 1 calc(39.5% - var(--stk-column-gap, 0px) * 1 \/ 2 ) !important;}}<\/style><div class=\"stk-column-wrapper stk-block-column__content stk-container stk-825075b-container stk--no-background stk--no-padding\"><div class=\"stk-block-content stk-inner-blocks stk-825075b-inner-blocks\">\n<div class=\"wp-block-uagb-image uagb-block-9f248d40 wp-block-uagb-image--layout-default wp-block-uagb-image--effect-static wp-block-uagb-image--align-none\"><figure class=\"wp-block-uagb-image__figure\"><img loading=\"lazy\" decoding=\"async\" srcset=\"https:\/\/zemsaniaglobalgroup.com\/wp-content\/uploads\/2024\/06\/AdobeStock_104324245-scaled.jpeg ,https:\/\/zemsaniaglobalgroup.com\/wp-content\/uploads\/2024\/06\/AdobeStock_104324245-scaled.jpeg 780w, https:\/\/zemsaniaglobalgroup.com\/wp-content\/uploads\/2024\/06\/AdobeStock_104324245-scaled.jpeg 360w\" sizes=\"auto, (max-width: 480px) 150px\" src=\"https:\/\/zemsaniaglobalgroup.com\/wp-content\/uploads\/2024\/06\/AdobeStock_104324245-scaled.jpeg\" alt=\"\" class=\"uag-image-36510\" width=\"2560\" height=\"1709\" title=\"\" role=\"img\"\/><\/figure><\/div>\n<\/div><\/div><\/div>\n<\/div><\/div>\n\n\n\n<div class=\"wp-block-stackable-columns stk-block-columns stk-block stk-64181ca\" data-block-id=\"64181ca\"><style>.stk-64181ca-column{--stk-columns-spacing:24px !important;}<\/style><div class=\"stk-row stk-inner-blocks stk-block-content stk-content-align stk-64181ca-column\">\n<div class=\"wp-block-stackable-column stk-block-column stk-column stk-block stk-0a0608e\" data-v=\"4\" data-block-id=\"0a0608e\"><style>@media screen and (min-width: 768px){.stk-0a0608e {flex:var(--stk-flex-grow, 1) 1 calc(33.333% - var(--stk-column-gap, 0px) * 2 \/ 3 ) !important;}}<\/style><div class=\"stk-column-wrapper stk-block-column__content stk-container stk-0a0608e-container stk--no-background stk--no-padding\"><div class=\"stk-block-content stk-inner-blocks stk-0a0608e-inner-blocks\">\n<div class=\"wp-block-uagb-info-box uagb-block-fc322258 uagb-infobox__content-wrap  uagb-infobox-icon-above-title uagb-infobox-image-valign-top\"><div class=\"uagb-ifb-content\"><div class=\"uagb-ifb-icon-wrap\"><svg xmlns=\"https:\/\/www.w3.org\/2000\/svg\" viewbox=\"0 0 448 512\"><path d=\"M0 112C0 67.82 35.82 32 80 32H416C433.7 32 448 46.33 448 64C448 81.67 433.7 96 416 96H80C71.16 96 64 103.2 64 112V448C64 465.7 49.67 480 32 480C14.33 480 0 465.7 0 448V112zM128 480C110.3 480 96 465.7 96 448C96 430.3 110.3 416 128 416C145.7 416 160 430.3 160 448C160 465.7 145.7 480 128 480zM320 480C302.3 480 288 465.7 288 448C288 430.3 302.3 416 320 416C337.7 416 352 430.3 352 448C352 465.7 337.7 480 320 480zM256 448C256 465.7 241.7 480 224 480C206.3 480 192 465.7 192 448C192 430.3 206.3 416 224 416C241.7 416 256 430.3 256 448zM416 480C398.3 480 384 465.7 384 448C384 430.3 398.3 416 416 416C433.7 416 448 430.3 448 448C448 465.7 433.7 480 416 480zM416 288C398.3 288 384 273.7 384 256C384 238.3 398.3 224 416 224C433.7 224 448 238.3 448 256C448 273.7 433.7 288 416 288zM448 352C448 369.7 433.7 384 416 384C398.3 384 384 369.7 384 352C384 334.3 398.3 320 416 320C433.7 320 448 334.3 448 352zM416 192C398.3 192 384 177.7 384 160C384 142.3 398.3 128 416 128C433.7 128 448 142.3 448 160C448 177.7 433.7 192 416 192z\"><\/path><\/svg><\/div><div class=\"uagb-ifb-title-wrap\"><h5 class=\"uagb-ifb-title\">Petici\u00f3n a medida<\/h5><\/div><p class=\"uagb-ifb-desc\">Cuenta con el seguimiento del perfil clave seg\u00fan tus necesidades en el tiempo que determine y de forma totalmente flexible.<\/p><\/div><\/div>\n<\/div><\/div><\/div>\n\n\n\n<div class=\"wp-block-stackable-column stk-block-column stk-column stk-block stk-8d16b97\" data-v=\"4\" data-block-id=\"8d16b97\"><style>@media screen and (min-width: 768px){.stk-8d16b97 {flex:var(--stk-flex-grow, 1) 1 calc(33.333% - var(--stk-column-gap, 0px) * 2 \/ 3 ) !important;}}<\/style><div class=\"stk-column-wrapper stk-block-column__content stk-container stk-8d16b97-container stk--no-background stk--no-padding\"><div class=\"stk-block-content stk-inner-blocks stk-8d16b97-inner-blocks\">\n<div class=\"wp-block-uagb-info-box uagb-block-9d358f7c uagb-infobox__content-wrap  uagb-infobox-icon-above-title uagb-infobox-image-valign-top\"><div class=\"uagb-ifb-content\"><div class=\"uagb-ifb-icon-wrap\"><svg xmlns=\"https:\/\/www.w3.org\/2000\/svg\" viewbox=\"0 0 576 512\"><path d=\"M48.66 79.13C128.4 100.9 208.2 80.59 288 60.25C375 38.08 462 15.9 549 48.38C565.9 54.69 576 71.62 576 89.66V399.5C576 423.4 550.4 439.2 527.3 432.9C447.6 411.1 367.8 431.4 288 451.7C200.1 473.9 113.1 496.1 26.97 463.6C10.06 457.3 0 440.4 0 422.3V112.5C0 88.59 25.61 72.83 48.66 79.13L48.66 79.13zM287.1 352C332.2 352 368 309 368 255.1C368 202.1 332.2 159.1 287.1 159.1C243.8 159.1 207.1 202.1 207.1 255.1C207.1 309 243.8 352 287.1 352zM63.1 416H127.1C127.1 380.7 99.35 352 63.1 352V416zM63.1 143.1V207.1C99.35 207.1 127.1 179.3 127.1 143.1H63.1zM512 303.1C476.7 303.1 448 332.7 448 368H512V303.1zM448 95.1C448 131.3 476.7 159.1 512 159.1V95.1H448z\"><\/path><\/svg><\/div><div class=\"uagb-ifb-title-wrap\"><h5 class=\"uagb-ifb-title\">Ahorra en costes<\/h5><\/div><p class=\"uagb-ifb-desc\">No pierdas tiempo y recursos en la b\u00fasqueda y atracci\u00f3n de perfiles de alto nivel, compitiendo con otras compa\u00f1\u00edas, ahorrando los costes del proceso y de su posterior contrataci\u00f3n.<\/p><\/div><\/div>\n<\/div><\/div><\/div>\n\n\n\n<div class=\"wp-block-stackable-column stk-block-column stk-column stk-block stk-c7a8c7c\" data-v=\"4\" data-block-id=\"c7a8c7c\"><style>@media screen and (min-width: 768px){.stk-c7a8c7c {flex:var(--stk-flex-grow, 1) 1 calc(33.334% - var(--stk-column-gap, 0px) * 2 \/ 3 ) !important;}}<\/style><div class=\"stk-column-wrapper stk-block-column__content stk-container stk-c7a8c7c-container stk--no-background stk--no-padding\"><div class=\"stk-block-content stk-inner-blocks stk-c7a8c7c-inner-blocks\">\n<div class=\"wp-block-uagb-info-box uagb-block-c896dbbc uagb-infobox__content-wrap  uagb-infobox-icon-above-title uagb-infobox-image-valign-top\"><div class=\"uagb-ifb-content\"><div class=\"uagb-ifb-icon-wrap\"><svg xmlns=\"https:\/\/www.w3.org\/2000\/svg\" viewbox=\"0 0 512 512\"><path d=\"M288 256C288 273.7 273.7 288 256 288C238.3 288 224 273.7 224 256C224 238.3 238.3 224 256 224C273.7 224 288 238.3 288 256zM0 256C0 114.6 114.6 0 256 0C397.4 0 512 114.6 512 256C512 397.4 397.4 512 256 512C114.6 512 0 397.4 0 256zM325.1 306.7L380.6 162.4C388.1 142.1 369 123.9 349.6 131.4L205.3 186.9C196.8 190.1 190.1 196.8 186.9 205.3L131.4 349.6C123.9 369 142.1 388.1 162.4 380.6L306.7 325.1C315.2 321.9 321.9 315.2 325.1 306.7V306.7z\"><\/path><\/svg><\/div><div class=\"uagb-ifb-title-wrap\"><h5 class=\"uagb-ifb-title\"><em>Guidance <\/em>experto<\/h5><\/div><p class=\"uagb-ifb-desc\">Accede a la experiencia y conocimiento de un perfil de alto nivel en tu \u00e1rea de negocio para impulsar el crecimiento de tu empresa.<\/p><\/div><\/div>\n<\/div><\/div><\/div>\n<\/div><\/div>\n\n\n\n<div class=\"wp-block-uagb-info-box uagb-block-3e1743c8 uagb-infobox__content-wrap  uagb-infobox-icon-left-title uagb-infobox-left uagb-infobox-image-valign-top\"><div class=\"uagb-ifb-content\"><div class=\"uagb-ifb-left-title-image\"><div class=\"uagb-ifb-icon-wrap\"><svg xmlns=\"https:\/\/www.w3.org\/2000\/svg\" viewbox=\"0 0 512 512\"><path d=\"M9.375 233.4l128-128c12.5-12.5 32.75-12.5 45.25 0s12.5 32.75 0 45.25L109.3 224H480c17.69 0 32 14.31 32 32s-14.31 32-32 32H109.3l73.38 73.38c12.5 12.5 12.5 32.75 0 45.25c-12.49 12.49-32.74 12.51-45.25 0l-128-128C-3.125 266.1-3.125 245.9 9.375 233.4z\"><\/path><\/svg><\/div><div class=\"uagb-ifb-title-wrap\"><h5 class=\"uagb-ifb-title\"><a href=\"https:\/\/zemsaniaglobalgroup.com\/ca\/talent\/extended-team\/\" data-type=\"talento\" data-id=\"35763\">Extended Teams<\/a><\/h5><\/div><\/div><\/div><\/div>\n\n\n\n<p><\/p>","protected":false},"excerpt":{"rendered":"<p>Estructura y organiza tus equipos y estrategias con profesionales de alto nivel. Dentro del servicio Extended Teams, puedes integrar, con la paquetizaci\u00f3n del servicio de perfiles clave, a profesionales dif\u00edciles de reclutar en el mercado permitiendo que tu equipo in-house se apoye en sus conocimientos y habilidades durante un tiempo determinado. Una soluci\u00f3n para PYMES [&hellip;]<\/p>\n","protected":false},"author":21,"featured_media":0,"parent":0,"menu_order":14,"comment_status":"closed","ping_status":"closed","template":"","meta":{"_acf_changed":false,"inline_featured_image":false,"_uag_custom_page_level_css":"","footnotes":""},"class_list":["post-36942","page","type-page","status-publish","hentry"],"acf":[],"yoast_head":"<!-- This site is optimized with the Yoast SEO plugin v27.5 - https:\/\/yoast.com\/product\/yoast-seo-wordpress\/ -->\n<title>Key Individual - Zemsania Global Group<\/title>\n<meta name=\"robots\" content=\"index, follow, max-snippet:-1, max-image-preview:large, max-video-preview:-1\" \/>\n<link rel=\"canonical\" href=\"https:\/\/zemsaniaglobalgroup.com\/ca\/key-individual\/\" \/>\n<meta property=\"og:locale\" content=\"ca_ES\" \/>\n<meta property=\"og:type\" content=\"article\" \/>\n<meta property=\"og:title\" content=\"Key Individual - Zemsania Global Group\" \/>\n<meta property=\"og:description\" content=\"Estructura y organiza tus equipos y estrategias con profesionales de alto nivel. Dentro del servicio Extended Teams, puedes integrar, con la paquetizaci\u00f3n del servicio de perfiles clave, a profesionales dif\u00edciles de reclutar en el mercado permitiendo que tu equipo in-house se apoye en sus conocimientos y habilidades durante un tiempo determinado. Una soluci\u00f3n para PYMES [&hellip;]\" \/>\n<meta property=\"og:url\" content=\"https:\/\/zemsaniaglobalgroup.com\/ca\/key-individual\/\" \/>\n<meta property=\"og:site_name\" content=\"Zemsania Global Group\" \/>\n<meta property=\"article:modified_time\" content=\"2024-12-05T08:49:18+00:00\" \/>\n<meta property=\"og:image\" content=\"https:\/\/zemsaniaglobalgroup.com\/wp-content\/uploads\/2024\/06\/AdobeStock_104324245-scaled.jpeg\" \/>\n<meta name=\"twitter:card\" content=\"summary_large_image\" \/>\n<meta name=\"twitter:label1\" content=\"Temps estimat de lectura\" \/>\n\t<meta name=\"twitter:data1\" content=\"1 minut\" \/>\n<script type=\"application\/ld+json\" class=\"yoast-schema-graph\">{\"@context\":\"https:\\\/\\\/schema.org\",\"@graph\":[{\"@type\":\"WebPage\",\"@id\":\"https:\\\/\\\/zemsaniaglobalgroup.com\\\/key-individual\\\/\",\"url\":\"https:\\\/\\\/zemsaniaglobalgroup.com\\\/key-individual\\\/\",\"name\":\"Key Individual - Zemsania Global Group\",\"isPartOf\":{\"@id\":\"https:\\\/\\\/zemsaniaglobalgroup.com\\\/#website\"},\"primaryImageOfPage\":{\"@id\":\"https:\\\/\\\/zemsaniaglobalgroup.com\\\/key-individual\\\/#primaryimage\"},\"image\":{\"@id\":\"https:\\\/\\\/zemsaniaglobalgroup.com\\\/key-individual\\\/#primaryimage\"},\"thumbnailUrl\":\"https:\\\/\\\/zemsaniaglobalgroup.com\\\/wp-content\\\/uploads\\\/2024\\\/06\\\/AdobeStock_104324245-scaled.jpeg\",\"datePublished\":\"2024-11-25T10:05:28+00:00\",\"dateModified\":\"2024-12-05T08:49:18+00:00\",\"breadcrumb\":{\"@id\":\"https:\\\/\\\/zemsaniaglobalgroup.com\\\/key-individual\\\/#breadcrumb\"},\"inLanguage\":\"ca\",\"potentialAction\":[{\"@type\":\"ReadAction\",\"target\":[\"https:\\\/\\\/zemsaniaglobalgroup.com\\\/key-individual\\\/\"]}]},{\"@type\":\"ImageObject\",\"inLanguage\":\"ca\",\"@id\":\"https:\\\/\\\/zemsaniaglobalgroup.com\\\/key-individual\\\/#primaryimage\",\"url\":\"https:\\\/\\\/zemsaniaglobalgroup.com\\\/wp-content\\\/uploads\\\/2024\\\/06\\\/AdobeStock_104324245-scaled.jpeg\",\"contentUrl\":\"https:\\\/\\\/zemsaniaglobalgroup.com\\\/wp-content\\\/uploads\\\/2024\\\/06\\\/AdobeStock_104324245-scaled.jpeg\"},{\"@type\":\"BreadcrumbList\",\"@id\":\"https:\\\/\\\/zemsaniaglobalgroup.com\\\/key-individual\\\/#breadcrumb\",\"itemListElement\":[{\"@type\":\"ListItem\",\"position\":1,\"name\":\"Portada\",\"item\":\"https:\\\/\\\/zemsaniaglobalgroup.com\\\/\"},{\"@type\":\"ListItem\",\"position\":2,\"name\":\"Key Individual\"}]},{\"@type\":\"WebSite\",\"@id\":\"https:\\\/\\\/zemsaniaglobalgroup.com\\\/#website\",\"url\":\"https:\\\/\\\/zemsaniaglobalgroup.com\\\/\",\"name\":\"Zemsania Global Group\",\"description\":\"Ofrecemos soluciones digitales innovadoras y talento IT especializado, siendo un referente para nuestros clientes y un partner tecnol\u00f3gico de confianza en los diferentes procesos empresariales.\",\"publisher\":{\"@id\":\"https:\\\/\\\/zemsaniaglobalgroup.com\\\/#organization\"},\"alternateName\":\"Zemsania\",\"potentialAction\":[{\"@type\":\"SearchAction\",\"target\":{\"@type\":\"EntryPoint\",\"urlTemplate\":\"https:\\\/\\\/zemsaniaglobalgroup.com\\\/?s={search_term_string}\"},\"query-input\":{\"@type\":\"PropertyValueSpecification\",\"valueRequired\":true,\"valueName\":\"search_term_string\"}}],\"inLanguage\":\"ca\"},{\"@type\":\"Organization\",\"@id\":\"https:\\\/\\\/zemsaniaglobalgroup.com\\\/#organization\",\"name\":\"Zemsania Global Group\",\"alternateName\":\"Zemsania\",\"url\":\"https:\\\/\\\/zemsaniaglobalgroup.com\\\/\",\"logo\":{\"@type\":\"ImageObject\",\"inLanguage\":\"ca\",\"@id\":\"https:\\\/\\\/zemsaniaglobalgroup.com\\\/#\\\/schema\\\/logo\\\/image\\\/\",\"url\":\"https:\\\/\\\/zemsaniaglobalgroup.com\\\/wp-content\\\/uploads\\\/2024\\\/04\\\/logo-zemsania-horiz.svg\",\"contentUrl\":\"https:\\\/\\\/zemsaniaglobalgroup.com\\\/wp-content\\\/uploads\\\/2024\\\/04\\\/logo-zemsania-horiz.svg\",\"caption\":\"Zemsania Global Group\"},\"image\":{\"@id\":\"https:\\\/\\\/zemsaniaglobalgroup.com\\\/#\\\/schema\\\/logo\\\/image\\\/\"},\"sameAs\":[\"https:\\\/\\\/www.linkedin.com\\\/company\\\/zemsania-global-group\"]}]}<\/script>\n<!-- \/ Yoast SEO plugin. -->","yoast_head_json":{"title":"Key Individual - Zemsania Global Group","robots":{"index":"index","follow":"follow","max-snippet":"max-snippet:-1","max-image-preview":"max-image-preview:large","max-video-preview":"max-video-preview:-1"},"canonical":"https:\/\/zemsaniaglobalgroup.com\/ca\/key-individual\/","og_locale":"ca_ES","og_type":"article","og_title":"Key Individual - Zemsania Global Group","og_description":"Estructura y organiza tus equipos y estrategias con profesionales de alto nivel. Dentro del servicio Extended Teams, puedes integrar, con la paquetizaci\u00f3n del servicio de perfiles clave, a profesionales dif\u00edciles de reclutar en el mercado permitiendo que tu equipo in-house se apoye en sus conocimientos y habilidades durante un tiempo determinado. Una soluci\u00f3n para PYMES [&hellip;]","og_url":"https:\/\/zemsaniaglobalgroup.com\/ca\/key-individual\/","og_site_name":"Zemsania Global Group","article_modified_time":"2024-12-05T08:49:18+00:00","og_image":[{"url":"https:\/\/zemsaniaglobalgroup.com\/wp-content\/uploads\/2024\/06\/AdobeStock_104324245-scaled.jpeg","type":"","width":"","height":""}],"twitter_card":"summary_large_image","twitter_misc":{"Temps estimat de lectura":"1 minut"},"schema":{"@context":"https:\/\/schema.org","@graph":[{"@type":"WebPage","@id":"https:\/\/zemsaniaglobalgroup.com\/key-individual\/","url":"https:\/\/zemsaniaglobalgroup.com\/key-individual\/","name":"Key Individual - Zemsania Global Group","isPartOf":{"@id":"https:\/\/zemsaniaglobalgroup.com\/#website"},"primaryImageOfPage":{"@id":"https:\/\/zemsaniaglobalgroup.com\/key-individual\/#primaryimage"},"image":{"@id":"https:\/\/zemsaniaglobalgroup.com\/key-individual\/#primaryimage"},"thumbnailUrl":"https:\/\/zemsaniaglobalgroup.com\/wp-content\/uploads\/2024\/06\/AdobeStock_104324245-scaled.jpeg","datePublished":"2024-11-25T10:05:28+00:00","dateModified":"2024-12-05T08:49:18+00:00","breadcrumb":{"@id":"https:\/\/zemsaniaglobalgroup.com\/key-individual\/#breadcrumb"},"inLanguage":"ca","potentialAction":[{"@type":"ReadAction","target":["https:\/\/zemsaniaglobalgroup.com\/key-individual\/"]}]},{"@type":"ImageObject","inLanguage":"ca","@id":"https:\/\/zemsaniaglobalgroup.com\/key-individual\/#primaryimage","url":"https:\/\/zemsaniaglobalgroup.com\/wp-content\/uploads\/2024\/06\/AdobeStock_104324245-scaled.jpeg","contentUrl":"https:\/\/zemsaniaglobalgroup.com\/wp-content\/uploads\/2024\/06\/AdobeStock_104324245-scaled.jpeg"},{"@type":"BreadcrumbList","@id":"https:\/\/zemsaniaglobalgroup.com\/key-individual\/#breadcrumb","itemListElement":[{"@type":"ListItem","position":1,"name":"Portada","item":"https:\/\/zemsaniaglobalgroup.com\/"},{"@type":"ListItem","position":2,"name":"Key Individual"}]},{"@type":"WebSite","@id":"https:\/\/zemsaniaglobalgroup.com\/#website","url":"https:\/\/zemsaniaglobalgroup.com\/","name":"Zemsania Global Group","description":"Oferim solucions digitals innovadores i talent IT especialitzat, essent un referent pels nostres clients i un partner tecnol\u00f2gic de confian\u00e7a en els diferents processos empresarials.","publisher":{"@id":"https:\/\/zemsaniaglobalgroup.com\/#organization"},"alternateName":"Zemsania","potentialAction":[{"@type":"SearchAction","target":{"@type":"EntryPoint","urlTemplate":"https:\/\/zemsaniaglobalgroup.com\/?s={search_term_string}"},"query-input":{"@type":"PropertyValueSpecification","valueRequired":true,"valueName":"search_term_string"}}],"inLanguage":"ca"},{"@type":"Organization","@id":"https:\/\/zemsaniaglobalgroup.com\/#organization","name":"Zemsania Global Group","alternateName":"Zemsania","url":"https:\/\/zemsaniaglobalgroup.com\/","logo":{"@type":"ImageObject","inLanguage":"ca","@id":"https:\/\/zemsaniaglobalgroup.com\/#\/schema\/logo\/image\/","url":"https:\/\/zemsaniaglobalgroup.com\/wp-content\/uploads\/2024\/04\/logo-zemsania-horiz.svg","contentUrl":"https:\/\/zemsaniaglobalgroup.com\/wp-content\/uploads\/2024\/04\/logo-zemsania-horiz.svg","caption":"Zemsania Global Group"},"image":{"@id":"https:\/\/zemsaniaglobalgroup.com\/#\/schema\/logo\/image\/"},"sameAs":["https:\/\/www.linkedin.com\/company\/zemsania-global-group"]}]}},"uagb_featured_image_src":{"full":false,"thumbnail":false,"medium":false,"medium_large":false,"large":false,"1536x1536":false,"2048x2048":false,"trp-custom-language-flag":false,"cover":false},"uagb_author_info":{"display_name":"Redacci\u00f3n","author_link":"https:\/\/zemsaniaglobalgroup.com\/ca\/author\/alex_honrubia\/"},"uagb_comment_info":0,"uagb_excerpt":"Estructura y organiza tus equipos y estrategias con profesionales de alto nivel. Dentro del servicio Extended Teams, puedes integrar, con la paquetizaci\u00f3n del servicio de perfiles clave, a profesionales dif\u00edciles de reclutar en el mercado permitiendo que tu equipo in-house se apoye en sus conocimientos y habilidades durante un tiempo determinado. Una soluci\u00f3n para PYMES&hellip;","_links":{"self":[{"href":"https:\/\/zemsaniaglobalgroup.com\/ca\/wp-json\/wp\/v2\/pages\/36942","targetHints":{"allow":["GET"]}}],"collection":[{"href":"https:\/\/zemsaniaglobalgroup.com\/ca\/wp-json\/wp\/v2\/pages"}],"about":[{"href":"https:\/\/zemsaniaglobalgroup.com\/ca\/wp-json\/wp\/v2\/types\/page"}],"author":[{"embeddable":true,"href":"https:\/\/zemsaniaglobalgroup.com\/ca\/wp-json\/wp\/v2\/users\/21"}],"replies":[{"embeddable":true,"href":"https:\/\/zemsaniaglobalgroup.com\/ca\/wp-json\/wp\/v2\/comments?post=36942"}],"version-history":[{"count":0,"href":"https:\/\/zemsaniaglobalgroup.com\/ca\/wp-json\/wp\/v2\/pages\/36942\/revisions"}],"wp:attachment":[{"href":"https:\/\/zemsaniaglobalgroup.com\/ca\/wp-json\/wp\/v2\/media?parent=36942"}],"curies":[{"name":"wp","href":"https:\/\/api.w.org\/{rel}","templated":true}]}}