{"id":37970,"date":"2025-02-25T14:13:12","date_gmt":"2025-02-25T12:13:12","guid":{"rendered":"https:\/\/zemsaniaglobalgroup.com\/?page_id=37970"},"modified":"2025-02-27T15:33:31","modified_gmt":"2025-02-27T13:33:31","slug":"politica-seguretat-informacio","status":"publish","type":"page","link":"https:\/\/zemsaniaglobalgroup.com\/ca\/politica-seguridad-informacion\/","title":{"rendered":"Pol\u00edtica de la Seguretat d&#039;Informaci\u00f3"},"content":{"rendered":"<div class=\"wp-block-uagb-container uagb-block-8718d1ac alignfull uagb-is-root-container\">\n<div class=\"wp-block-columns is-layout-flex wp-container-core-columns-is-layout-9d6595d7 wp-block-columns-is-layout-flex\">\n<div class=\"wp-block-column is-layout-flow wp-block-column-is-layout-flow\" style=\"flex-basis:100%\">\n<p>Som una empresa especialitzada en els sistemes d&#039;informaci\u00f3 que donen suport a la implantaci\u00f3 dels serveis i les solucions tecnol\u00f2giques.<\/p>\n\n\n\n<p>Aquest motiu ha portat ZEMSANIA, SL a implantar i mantenir un Sistema de Gesti\u00f3 de Seguretat de la Informaci\u00f3 (SGSI), que permetin garantir als clients i prove\u00efdors la seguretat de protecci\u00f3 de la informaci\u00f3 compartida, aix\u00ed com oferir-los un servei tan segur com sigui possible parlant des del punt de vista de la seguretat de la informaci\u00f3.<\/p>\n\n\n\n<p>ZEMSANIA, SL estableix la seva Pol\u00edtica de seguretat de la informaci\u00f3 que es fonamenta en la pr\u00e0ctica dels valors seg\u00fcents:<\/p>\n\n\n\n<ol style=\"padding-top:0;padding-bottom:0\" class=\"wp-block-list\">\n<li style=\"padding-top:var(--wp--preset--spacing--40);padding-bottom:var(--wp--preset--spacing--40)\"><strong>Responsabilitat:<\/strong>\u00a0Assegurar que les activitats comercials es desenvolupen en el marc de la sostenibilitat i la rendici\u00f3 de comptes a les parts interessades ia la societat en conjunt.<\/li>\n\n\n\n<li style=\"padding-top:var(--wp--preset--spacing--40);padding-bottom:var(--wp--preset--spacing--40)\"><strong>Orientaci\u00f3 al Client:<\/strong>\u00a0Proporcionar el m\u00e0xim compliment dels requisits i superar les expectatives confiades a l&#039;empresa pels clients i les parts interessades, tot assegurant la informaci\u00f3 que ens proporcionen.<\/li>\n\n\n\n<li style=\"padding-top:var(--wp--preset--spacing--40);padding-bottom:var(--wp--preset--spacing--40)\"><strong>Professionalitat:<\/strong>\u00a0Proporcionar els m\u00e9s alts coneixements t\u00e8cnics i personals per a tots els projectes que ens encomanin els nostres clients.<\/li>\n\n\n\n<li style=\"padding-top:var(--wp--preset--spacing--40);padding-bottom:var(--wp--preset--spacing--40)\"><strong>Confidencialitat:<\/strong>\u00a0Prendre la m\u00e0xima precauci\u00f3 en l&#039;\u00fas de les dades confiades susceptibles de ser utilitzades amb fins il\u00b7leg\u00edtims.<\/li>\n\n\n\n<li style=\"padding-top:var(--wp--preset--spacing--40);padding-bottom:var(--wp--preset--spacing--40)\"><strong>Seguretat:<\/strong>\u00a0Complir els requisits aplicables: Contractuals, reglamentaris i altres especificats. Aquesta pol\u00edtica pret\u00e9n marcar les pautes per garantir la Confidencialitat de la informaci\u00f3, la Integritat de la informaci\u00f3 i la Disponibilitat de la informaci\u00f3<\/li>\n\n\n\n<li style=\"padding-top:var(--wp--preset--spacing--40);padding-bottom:var(--wp--preset--spacing--40)\"><strong>Integritat de la persona:<\/strong>\u00a0Proporcionar a les persones lentorn de treball decent i el desenvolupament individual per a un rendiment \u00f2ptim de les seves capacitats en el compliment de les seves responsabilitats.<\/li>\n\n\n\n<li style=\"padding-top:var(--wp--preset--spacing--40);padding-bottom:var(--wp--preset--spacing--40)\"><strong>Infraestructura:<\/strong>\u00a0L&#039;habilitaci\u00f3 i la gesti\u00f3 dels equips, aplicacions i eines tecnol\u00f2giques precises que garanteixin la preservaci\u00f3 i cust\u00f2dia de la informaci\u00f3.<\/li>\n\n\n\n<li style=\"padding-top:var(--wp--preset--spacing--40);padding-bottom:var(--wp--preset--spacing--40)\"><strong>Millora continua:<\/strong>\u00a0Tenir un comprom\u00eds real amb la millora continuada i la gesti\u00f3 efica\u00e7 dels processos de negoci.<\/li>\n\n\n\n<li style=\"padding-top:var(--wp--preset--spacing--40);padding-bottom:var(--wp--preset--spacing--40)\"><strong>Rendibilitat:<\/strong>\u00a0Assegurar la viabilitat econ\u00f2mica i financera de lempresa com a resultat de la consecuci\u00f3 dels objectius de negoci i de la millora de la productivitat.<\/li>\n<\/ol>\n\n\n\n<p>La direcci\u00f3 establir\u00e0, dins la pol\u00edtica general de ZEMSANIA, SL. els plans i recursos necessaris per assolir els objectius establerts en aquesta pol\u00edtica. ZEMSANIA, SL. es compromet a promoure una comprensi\u00f3 i difusi\u00f3 de la nostra pol\u00edtica dins de la nostra organitzaci\u00f3, mitjan\u00e7ant la formaci\u00f3 i comunicaci\u00f3 continuada amb els nostres treballadors i col\u00b7laboradors. Aquesta Pol\u00edtica proporciona un marc de refer\u00e8ncia per establir i revisar els objectius del sistema de Qualitat i de Seguretat en la Informaci\u00f3, i \u00e9s comunicada a tota l&#039;Organitzaci\u00f3, exposada a totes les parts interessades i revisada anualment per adequar-la quan es consideri necessari.<\/p>\n<\/div>\n<\/div>\n<\/div>","protected":false},"excerpt":{"rendered":"<p>Somos una empresa especializada en los sistemas de informaci\u00f3n que dan soporte a la implantaci\u00f3n de los servicios y soluciones tecnol\u00f3gicas. Este motivo ha llevado a ZEMSANIA, S.L.&nbsp;&nbsp;a implantar y mantener un Sistema de Gesti\u00f3n de Seguridad de la Informaci\u00f3n (SGSI), que permitan garantizar a los clientes y proveedores la seguridad de protecci\u00f3n de la [&hellip;]<\/p>\n","protected":false},"author":21,"featured_media":0,"parent":0,"menu_order":18,"comment_status":"closed","ping_status":"closed","template":"","meta":{"_acf_changed":false,"inline_featured_image":false,"_uag_custom_page_level_css":"","footnotes":""},"class_list":["post-37970","page","type-page","status-publish","hentry"],"acf":[],"yoast_head":"<!-- This site is optimized with the Yoast SEO plugin v27.4 - https:\/\/yoast.com\/product\/yoast-seo-wordpress\/ -->\n<title>Pol\u00edtica de la Seguridad de Informaci\u00f3n - Zemsania Global Group<\/title>\n<meta name=\"robots\" content=\"index, follow, max-snippet:-1, max-image-preview:large, max-video-preview:-1\" \/>\n<link rel=\"canonical\" href=\"https:\/\/zemsaniaglobalgroup.com\/ca\/politica-seguretat-informacio\/\" \/>\n<meta property=\"og:locale\" content=\"ca_ES\" \/>\n<meta property=\"og:type\" content=\"article\" \/>\n<meta property=\"og:title\" content=\"Pol\u00edtica de la Seguridad de Informaci\u00f3n - Zemsania Global Group\" \/>\n<meta property=\"og:description\" content=\"Somos una empresa especializada en los sistemas de informaci\u00f3n que dan soporte a la implantaci\u00f3n de los servicios y soluciones tecnol\u00f3gicas. Este motivo ha llevado a ZEMSANIA, S.L.&nbsp;&nbsp;a implantar y mantener un Sistema de Gesti\u00f3n de Seguridad de la Informaci\u00f3n (SGSI), que permitan garantizar a los clientes y proveedores la seguridad de protecci\u00f3n de la [&hellip;]\" \/>\n<meta property=\"og:url\" content=\"https:\/\/zemsaniaglobalgroup.com\/ca\/politica-seguretat-informacio\/\" \/>\n<meta property=\"og:site_name\" content=\"Zemsania Global Group\" \/>\n<meta property=\"article:modified_time\" content=\"2025-02-27T13:33:31+00:00\" \/>\n<meta property=\"og:image\" content=\"https:\/\/zemsaniaglobalgroup.com\/wp-content\/uploads\/2025\/11\/Portada-para-redes-web.png\" \/>\n\t<meta property=\"og:image:width\" content=\"1280\" \/>\n\t<meta property=\"og:image:height\" content=\"720\" \/>\n\t<meta property=\"og:image:type\" content=\"image\/png\" \/>\n<meta name=\"twitter:card\" content=\"summary_large_image\" \/>\n<meta name=\"twitter:label1\" content=\"Temps estimat de lectura\" \/>\n\t<meta name=\"twitter:data1\" content=\"3 minuts\" \/>\n<script type=\"application\/ld+json\" class=\"yoast-schema-graph\">{\"@context\":\"https:\\\/\\\/schema.org\",\"@graph\":[{\"@type\":\"WebPage\",\"@id\":\"https:\\\/\\\/zemsaniaglobalgroup.com\\\/politica-seguridad-informacion\\\/\",\"url\":\"https:\\\/\\\/zemsaniaglobalgroup.com\\\/politica-seguridad-informacion\\\/\",\"name\":\"Pol\u00edtica de la Seguridad de Informaci\u00f3n - Zemsania Global Group\",\"isPartOf\":{\"@id\":\"https:\\\/\\\/zemsaniaglobalgroup.com\\\/#website\"},\"datePublished\":\"2025-02-25T12:13:12+00:00\",\"dateModified\":\"2025-02-27T13:33:31+00:00\",\"breadcrumb\":{\"@id\":\"https:\\\/\\\/zemsaniaglobalgroup.com\\\/politica-seguridad-informacion\\\/#breadcrumb\"},\"inLanguage\":\"ca\",\"potentialAction\":[{\"@type\":\"ReadAction\",\"target\":[\"https:\\\/\\\/zemsaniaglobalgroup.com\\\/politica-seguridad-informacion\\\/\"]}]},{\"@type\":\"BreadcrumbList\",\"@id\":\"https:\\\/\\\/zemsaniaglobalgroup.com\\\/politica-seguridad-informacion\\\/#breadcrumb\",\"itemListElement\":[{\"@type\":\"ListItem\",\"position\":1,\"name\":\"Portada\",\"item\":\"https:\\\/\\\/zemsaniaglobalgroup.com\\\/\"},{\"@type\":\"ListItem\",\"position\":2,\"name\":\"Pol\u00edtica de la Seguridad de Informaci\u00f3n\"}]},{\"@type\":\"WebSite\",\"@id\":\"https:\\\/\\\/zemsaniaglobalgroup.com\\\/#website\",\"url\":\"https:\\\/\\\/zemsaniaglobalgroup.com\\\/\",\"name\":\"Zemsania Global Group\",\"description\":\"Ofrecemos soluciones digitales innovadoras y talento IT especializado, siendo un referente para nuestros clientes y un partner tecnol\u00f3gico de confianza en los diferentes procesos empresariales.\",\"publisher\":{\"@id\":\"https:\\\/\\\/zemsaniaglobalgroup.com\\\/#organization\"},\"alternateName\":\"Zemsania\",\"potentialAction\":[{\"@type\":\"SearchAction\",\"target\":{\"@type\":\"EntryPoint\",\"urlTemplate\":\"https:\\\/\\\/zemsaniaglobalgroup.com\\\/?s={search_term_string}\"},\"query-input\":{\"@type\":\"PropertyValueSpecification\",\"valueRequired\":true,\"valueName\":\"search_term_string\"}}],\"inLanguage\":\"ca\"},{\"@type\":\"Organization\",\"@id\":\"https:\\\/\\\/zemsaniaglobalgroup.com\\\/#organization\",\"name\":\"Zemsania Global Group\",\"alternateName\":\"Zemsania\",\"url\":\"https:\\\/\\\/zemsaniaglobalgroup.com\\\/\",\"logo\":{\"@type\":\"ImageObject\",\"inLanguage\":\"ca\",\"@id\":\"https:\\\/\\\/zemsaniaglobalgroup.com\\\/#\\\/schema\\\/logo\\\/image\\\/\",\"url\":\"https:\\\/\\\/zemsaniaglobalgroup.com\\\/wp-content\\\/uploads\\\/2024\\\/04\\\/logo-zemsania-horiz.svg\",\"contentUrl\":\"https:\\\/\\\/zemsaniaglobalgroup.com\\\/wp-content\\\/uploads\\\/2024\\\/04\\\/logo-zemsania-horiz.svg\",\"caption\":\"Zemsania Global Group\"},\"image\":{\"@id\":\"https:\\\/\\\/zemsaniaglobalgroup.com\\\/#\\\/schema\\\/logo\\\/image\\\/\"},\"sameAs\":[\"https:\\\/\\\/www.linkedin.com\\\/company\\\/zemsania-global-group\"]}]}<\/script>\n<!-- \/ Yoast SEO plugin. -->","yoast_head_json":{"title":"Pol\u00edtica de la Seguretat d&#039;Informaci\u00f3 - Zemsania Global Group","robots":{"index":"index","follow":"follow","max-snippet":"max-snippet:-1","max-image-preview":"max-image-preview:large","max-video-preview":"max-video-preview:-1"},"canonical":"https:\/\/zemsaniaglobalgroup.com\/ca\/politica-seguretat-informacio\/","og_locale":"ca_ES","og_type":"article","og_title":"Pol\u00edtica de la Seguridad de Informaci\u00f3n - Zemsania Global Group","og_description":"Somos una empresa especializada en los sistemas de informaci\u00f3n que dan soporte a la implantaci\u00f3n de los servicios y soluciones tecnol\u00f3gicas. Este motivo ha llevado a ZEMSANIA, S.L.&nbsp;&nbsp;a implantar y mantener un Sistema de Gesti\u00f3n de Seguridad de la Informaci\u00f3n (SGSI), que permitan garantizar a los clientes y proveedores la seguridad de protecci\u00f3n de la [&hellip;]","og_url":"https:\/\/zemsaniaglobalgroup.com\/ca\/politica-seguretat-informacio\/","og_site_name":"Zemsania Global Group","article_modified_time":"2025-02-27T13:33:31+00:00","og_image":[{"width":1280,"height":720,"url":"https:\/\/zemsaniaglobalgroup.com\/wp-content\/uploads\/2025\/11\/Portada-para-redes-web.png","type":"image\/png"}],"twitter_card":"summary_large_image","twitter_misc":{"Temps estimat de lectura":"3 minuts"},"schema":{"@context":"https:\/\/schema.org","@graph":[{"@type":"WebPage","@id":"https:\/\/zemsaniaglobalgroup.com\/politica-seguridad-informacion\/","url":"https:\/\/zemsaniaglobalgroup.com\/politica-seguridad-informacion\/","name":"Pol\u00edtica de la Seguretat d&#039;Informaci\u00f3 - Zemsania Global Group","isPartOf":{"@id":"https:\/\/zemsaniaglobalgroup.com\/#website"},"datePublished":"2025-02-25T12:13:12+00:00","dateModified":"2025-02-27T13:33:31+00:00","breadcrumb":{"@id":"https:\/\/zemsaniaglobalgroup.com\/politica-seguridad-informacion\/#breadcrumb"},"inLanguage":"ca","potentialAction":[{"@type":"ReadAction","target":["https:\/\/zemsaniaglobalgroup.com\/politica-seguridad-informacion\/"]}]},{"@type":"BreadcrumbList","@id":"https:\/\/zemsaniaglobalgroup.com\/politica-seguridad-informacion\/#breadcrumb","itemListElement":[{"@type":"ListItem","position":1,"name":"Portada","item":"https:\/\/zemsaniaglobalgroup.com\/"},{"@type":"ListItem","position":2,"name":"Pol\u00edtica de la Seguridad de Informaci\u00f3n"}]},{"@type":"WebSite","@id":"https:\/\/zemsaniaglobalgroup.com\/#website","url":"https:\/\/zemsaniaglobalgroup.com\/","name":"Zemsania Global Group","description":"Oferim solucions digitals innovadores i talent IT especialitzat, essent un referent pels nostres clients i un partner tecnol\u00f2gic de confian\u00e7a en els diferents processos empresarials.","publisher":{"@id":"https:\/\/zemsaniaglobalgroup.com\/#organization"},"alternateName":"Zemsania","potentialAction":[{"@type":"SearchAction","target":{"@type":"EntryPoint","urlTemplate":"https:\/\/zemsaniaglobalgroup.com\/?s={search_term_string}"},"query-input":{"@type":"PropertyValueSpecification","valueRequired":true,"valueName":"search_term_string"}}],"inLanguage":"ca"},{"@type":"Organization","@id":"https:\/\/zemsaniaglobalgroup.com\/#organization","name":"Zemsania Global Group","alternateName":"Zemsania","url":"https:\/\/zemsaniaglobalgroup.com\/","logo":{"@type":"ImageObject","inLanguage":"ca","@id":"https:\/\/zemsaniaglobalgroup.com\/#\/schema\/logo\/image\/","url":"https:\/\/zemsaniaglobalgroup.com\/wp-content\/uploads\/2024\/04\/logo-zemsania-horiz.svg","contentUrl":"https:\/\/zemsaniaglobalgroup.com\/wp-content\/uploads\/2024\/04\/logo-zemsania-horiz.svg","caption":"Zemsania Global Group"},"image":{"@id":"https:\/\/zemsaniaglobalgroup.com\/#\/schema\/logo\/image\/"},"sameAs":["https:\/\/www.linkedin.com\/company\/zemsania-global-group"]}]}},"uagb_featured_image_src":{"full":false,"thumbnail":false,"medium":false,"medium_large":false,"large":false,"1536x1536":false,"2048x2048":false,"trp-custom-language-flag":false,"cover":false},"uagb_author_info":{"display_name":"Redacci\u00f3n","author_link":"https:\/\/zemsaniaglobalgroup.com\/ca\/author\/alex_honrubia\/"},"uagb_comment_info":0,"uagb_excerpt":"Somos una empresa especializada en los sistemas de informaci\u00f3n que dan soporte a la implantaci\u00f3n de los servicios y soluciones tecnol\u00f3gicas. Este motivo ha llevado a ZEMSANIA, S.L.&nbsp;&nbsp;a implantar y mantener un Sistema de Gesti\u00f3n de Seguridad de la Informaci\u00f3n (SGSI), que permitan garantizar a los clientes y proveedores la seguridad de protecci\u00f3n de la&hellip;","_links":{"self":[{"href":"https:\/\/zemsaniaglobalgroup.com\/ca\/wp-json\/wp\/v2\/pages\/37970","targetHints":{"allow":["GET"]}}],"collection":[{"href":"https:\/\/zemsaniaglobalgroup.com\/ca\/wp-json\/wp\/v2\/pages"}],"about":[{"href":"https:\/\/zemsaniaglobalgroup.com\/ca\/wp-json\/wp\/v2\/types\/page"}],"author":[{"embeddable":true,"href":"https:\/\/zemsaniaglobalgroup.com\/ca\/wp-json\/wp\/v2\/users\/21"}],"replies":[{"embeddable":true,"href":"https:\/\/zemsaniaglobalgroup.com\/ca\/wp-json\/wp\/v2\/comments?post=37970"}],"version-history":[{"count":0,"href":"https:\/\/zemsaniaglobalgroup.com\/ca\/wp-json\/wp\/v2\/pages\/37970\/revisions"}],"wp:attachment":[{"href":"https:\/\/zemsaniaglobalgroup.com\/ca\/wp-json\/wp\/v2\/media?parent=37970"}],"curies":[{"name":"wp","href":"https:\/\/api.w.org\/{rel}","templated":true}]}}