{"id":31364,"date":"2023-08-23T14:28:50","date_gmt":"2023-08-23T14:28:50","guid":{"rendered":"https:\/\/zemsaniaglobalgroup.com\/?page_id=31364"},"modified":"2024-05-09T03:04:07","modified_gmt":"2024-05-09T01:04:07","slug":"data-use-policy","status":"publish","type":"page","link":"https:\/\/zemsaniaglobalgroup.com\/en\/politica-de-utilizacion-de-datos\/","title":{"rendered":"Data Usage Policy"},"content":{"rendered":"<div class=\"wp-block-uagb-container uagb-block-8718d1ac alignfull uagb-is-root-container\">\n<div class=\"wp-block-columns is-layout-flex wp-container-core-columns-is-layout-9d6595d7 wp-block-columns-is-layout-flex\">\n<div class=\"wp-block-column is-layout-flow wp-block-column-is-layout-flow\" style=\"flex-basis:100%\">\n<p><strong><u>General Information<\/u><\/strong><\/p>\n\n\n\n<p><strong>Data Controller:<\/strong>&nbsp;Zemsania S.L.<\/p>\n\n\n\n<p><strong>Legal Basis:&nbsp;<\/strong>Explicit consent of the data subject.<\/p>\n\n\n\n<p><strong>Purpose of Data Use<\/strong><strong>&nbsp;<\/strong><\/p>\n\n\n\n<p>At ZEMSANIA GLOBAL GROUP, we process your personal data, based on our legitimate interest, to select and recruit your professional profile within the ICT sector, with the possibility of including you in technological projects in that field. We also process data for employment-related management connected to recruitment and other requests you may make, in full compliance with applicable Group obligations and legal requirements.<\/p>\n\n\n\n<p><strong>Data Disclosure<\/strong><\/p>\n\n\n\n<p>We may share your data, based on our legitimate interest, with other companies within the ZEMSANIA Group and with entities that provide services related to the recruitment and\/or management of your potential future employment.<br>Such communications may be carried out through electronic means.<\/p>\n\n\n\n<p><strong>Your Rights and How to Exercise Them<\/strong><\/p>\n\n\n\n<p>You have the right to access, rectify, delete, and object to certain types of processing, as well as to request restriction of processing and data portability.<\/p>\n\n\n\n<p>You may also modify your consent for the processing of your personal data at any time, including requesting that your data be re-entered into our systems, by sending an email to&nbsp;<a href=\"mailto:dpdzemsaniagroup@zemsania.com\">dpdzemsaniagroup@zemsania.com<\/a><\/p>\n\n\n\n<p>To exercise any of these rights, please contact the Data Protection Officer of Zemsania Global Group via email at&nbsp;<a href=\"mailto:dpdzemsaniagroup@zemsania.com\">dpdzemsaniagroup@zemsania.com<\/a>, indicating in the subject line: \u201cLegal Services (GDPR)\u201d.<\/p>\n\n\n\n<p>All data processing shall be carried out in accordance with the General Data Protection Regulation (GDPR).<\/p>\n\n\n\n<p>For additional and detailed information on data protection, please visit our website:&nbsp;<a href=\"https:\/\/zemsaniaglobalgroup.com\/en\/\">www.zemsaniaglobalgroup.com<\/a><\/p>\n<\/div>\n<\/div>\n<\/div>","protected":false},"excerpt":{"rendered":"<p>Informaci\u00f3n de inter\u00e9s Responsable:&nbsp;Zemsania S.L. Legitimaci\u00f3n:&nbsp;Consentimiento expreso del interesado. \u00bfPara qu\u00e9 vamos a utilizar sus datos?&nbsp; En Grupo Empresarial ZEMSANIA utilizamos sus datos personales, bajo nuestro inter\u00e9s leg\u00edtimo, para seleccionar y reclutar su perfil profesional del sector TIC para en su caso incorporarlo a proyectos tecnol\u00f3gicos de dicha \u00e1rea, para realizar gestiones laborales vinculadas a [&hellip;]<\/p>\n","protected":false},"author":1,"featured_media":0,"parent":0,"menu_order":21,"comment_status":"closed","ping_status":"closed","template":"","meta":{"_acf_changed":false,"inline_featured_image":false,"_uag_custom_page_level_css":"","footnotes":""},"class_list":["post-31364","page","type-page","status-publish","hentry"],"acf":[],"yoast_head":"<!-- This site is optimized with the Yoast SEO plugin v27.4 - https:\/\/yoast.com\/product\/yoast-seo-wordpress\/ -->\n<title>Pol\u00edtica de utilizaci\u00f3n de datos - Zemsania Global Group<\/title>\n<meta name=\"robots\" content=\"index, follow, max-snippet:-1, max-image-preview:large, max-video-preview:-1\" \/>\n<link rel=\"canonical\" href=\"https:\/\/zemsaniaglobalgroup.com\/en\/data-use-policy\/\" \/>\n<meta property=\"og:locale\" content=\"en_US\" \/>\n<meta property=\"og:type\" content=\"article\" \/>\n<meta property=\"og:title\" content=\"Pol\u00edtica de utilizaci\u00f3n de datos - Zemsania Global Group\" \/>\n<meta property=\"og:description\" content=\"Informaci\u00f3n de inter\u00e9s Responsable:&nbsp;Zemsania S.L. Legitimaci\u00f3n:&nbsp;Consentimiento expreso del interesado. \u00bfPara qu\u00e9 vamos a utilizar sus datos?&nbsp; En Grupo Empresarial ZEMSANIA utilizamos sus datos personales, bajo nuestro inter\u00e9s leg\u00edtimo, para seleccionar y reclutar su perfil profesional del sector TIC para en su caso incorporarlo a proyectos tecnol\u00f3gicos de dicha \u00e1rea, para realizar gestiones laborales vinculadas a [&hellip;]\" \/>\n<meta property=\"og:url\" content=\"https:\/\/zemsaniaglobalgroup.com\/en\/data-use-policy\/\" \/>\n<meta property=\"og:site_name\" content=\"Zemsania Global Group\" \/>\n<meta property=\"article:modified_time\" content=\"2024-05-09T01:04:07+00:00\" \/>\n<meta property=\"og:image\" content=\"https:\/\/zemsaniaglobalgroup.com\/wp-content\/uploads\/2025\/11\/Portada-para-redes-web.png\" \/>\n\t<meta property=\"og:image:width\" content=\"1280\" \/>\n\t<meta property=\"og:image:height\" content=\"720\" \/>\n\t<meta property=\"og:image:type\" content=\"image\/png\" \/>\n<meta name=\"twitter:card\" content=\"summary_large_image\" \/>\n<meta name=\"twitter:label1\" content=\"Est. reading time\" \/>\n\t<meta name=\"twitter:data1\" content=\"2 minutes\" \/>\n<script type=\"application\/ld+json\" class=\"yoast-schema-graph\">{\"@context\":\"https:\\\/\\\/schema.org\",\"@graph\":[{\"@type\":\"WebPage\",\"@id\":\"https:\\\/\\\/zemsaniaglobalgroup.com\\\/politica-de-utilizacion-de-datos\\\/\",\"url\":\"https:\\\/\\\/zemsaniaglobalgroup.com\\\/politica-de-utilizacion-de-datos\\\/\",\"name\":\"Pol\u00edtica de utilizaci\u00f3n de datos - Zemsania Global Group\",\"isPartOf\":{\"@id\":\"https:\\\/\\\/zemsaniaglobalgroup.com\\\/#website\"},\"datePublished\":\"2023-08-23T14:28:50+00:00\",\"dateModified\":\"2024-05-09T01:04:07+00:00\",\"breadcrumb\":{\"@id\":\"https:\\\/\\\/zemsaniaglobalgroup.com\\\/politica-de-utilizacion-de-datos\\\/#breadcrumb\"},\"inLanguage\":\"en-US\",\"potentialAction\":[{\"@type\":\"ReadAction\",\"target\":[\"https:\\\/\\\/zemsaniaglobalgroup.com\\\/politica-de-utilizacion-de-datos\\\/\"]}]},{\"@type\":\"BreadcrumbList\",\"@id\":\"https:\\\/\\\/zemsaniaglobalgroup.com\\\/politica-de-utilizacion-de-datos\\\/#breadcrumb\",\"itemListElement\":[{\"@type\":\"ListItem\",\"position\":1,\"name\":\"Portada\",\"item\":\"https:\\\/\\\/zemsaniaglobalgroup.com\\\/\"},{\"@type\":\"ListItem\",\"position\":2,\"name\":\"Pol\u00edtica de utilizaci\u00f3n de datos\"}]},{\"@type\":\"WebSite\",\"@id\":\"https:\\\/\\\/zemsaniaglobalgroup.com\\\/#website\",\"url\":\"https:\\\/\\\/zemsaniaglobalgroup.com\\\/\",\"name\":\"Zemsania Global Group\",\"description\":\"Ofrecemos soluciones digitales innovadoras y talento IT especializado, siendo un referente para nuestros clientes y un partner tecnol\u00f3gico de confianza en los diferentes procesos empresariales.\",\"publisher\":{\"@id\":\"https:\\\/\\\/zemsaniaglobalgroup.com\\\/#organization\"},\"alternateName\":\"Zemsania\",\"potentialAction\":[{\"@type\":\"SearchAction\",\"target\":{\"@type\":\"EntryPoint\",\"urlTemplate\":\"https:\\\/\\\/zemsaniaglobalgroup.com\\\/?s={search_term_string}\"},\"query-input\":{\"@type\":\"PropertyValueSpecification\",\"valueRequired\":true,\"valueName\":\"search_term_string\"}}],\"inLanguage\":\"en-US\"},{\"@type\":\"Organization\",\"@id\":\"https:\\\/\\\/zemsaniaglobalgroup.com\\\/#organization\",\"name\":\"Zemsania Global Group\",\"alternateName\":\"Zemsania\",\"url\":\"https:\\\/\\\/zemsaniaglobalgroup.com\\\/\",\"logo\":{\"@type\":\"ImageObject\",\"inLanguage\":\"en-US\",\"@id\":\"https:\\\/\\\/zemsaniaglobalgroup.com\\\/#\\\/schema\\\/logo\\\/image\\\/\",\"url\":\"https:\\\/\\\/zemsaniaglobalgroup.com\\\/wp-content\\\/uploads\\\/2024\\\/04\\\/logo-zemsania-horiz.svg\",\"contentUrl\":\"https:\\\/\\\/zemsaniaglobalgroup.com\\\/wp-content\\\/uploads\\\/2024\\\/04\\\/logo-zemsania-horiz.svg\",\"caption\":\"Zemsania Global Group\"},\"image\":{\"@id\":\"https:\\\/\\\/zemsaniaglobalgroup.com\\\/#\\\/schema\\\/logo\\\/image\\\/\"},\"sameAs\":[\"https:\\\/\\\/www.linkedin.com\\\/company\\\/zemsania-global-group\"]}]}<\/script>\n<!-- \/ Yoast SEO plugin. -->","yoast_head_json":{"title":"Data Use Policy - Zemsania Global Group","robots":{"index":"index","follow":"follow","max-snippet":"max-snippet:-1","max-image-preview":"max-image-preview:large","max-video-preview":"max-video-preview:-1"},"canonical":"https:\/\/zemsaniaglobalgroup.com\/en\/data-use-policy\/","og_locale":"en_US","og_type":"article","og_title":"Pol\u00edtica de utilizaci\u00f3n de datos - Zemsania Global Group","og_description":"Informaci\u00f3n de inter\u00e9s Responsable:&nbsp;Zemsania S.L. Legitimaci\u00f3n:&nbsp;Consentimiento expreso del interesado. \u00bfPara qu\u00e9 vamos a utilizar sus datos?&nbsp; En Grupo Empresarial ZEMSANIA utilizamos sus datos personales, bajo nuestro inter\u00e9s leg\u00edtimo, para seleccionar y reclutar su perfil profesional del sector TIC para en su caso incorporarlo a proyectos tecnol\u00f3gicos de dicha \u00e1rea, para realizar gestiones laborales vinculadas a [&hellip;]","og_url":"https:\/\/zemsaniaglobalgroup.com\/en\/data-use-policy\/","og_site_name":"Zemsania Global Group","article_modified_time":"2024-05-09T01:04:07+00:00","og_image":[{"width":1280,"height":720,"url":"https:\/\/zemsaniaglobalgroup.com\/wp-content\/uploads\/2025\/11\/Portada-para-redes-web.png","type":"image\/png"}],"twitter_card":"summary_large_image","twitter_misc":{"Est. reading time":"2 minutes"},"schema":{"@context":"https:\/\/schema.org","@graph":[{"@type":"WebPage","@id":"https:\/\/zemsaniaglobalgroup.com\/politica-de-utilizacion-de-datos\/","url":"https:\/\/zemsaniaglobalgroup.com\/politica-de-utilizacion-de-datos\/","name":"Data Use Policy - Zemsania Global Group","isPartOf":{"@id":"https:\/\/zemsaniaglobalgroup.com\/#website"},"datePublished":"2023-08-23T14:28:50+00:00","dateModified":"2024-05-09T01:04:07+00:00","breadcrumb":{"@id":"https:\/\/zemsaniaglobalgroup.com\/politica-de-utilizacion-de-datos\/#breadcrumb"},"inLanguage":"en-US","potentialAction":[{"@type":"ReadAction","target":["https:\/\/zemsaniaglobalgroup.com\/politica-de-utilizacion-de-datos\/"]}]},{"@type":"BreadcrumbList","@id":"https:\/\/zemsaniaglobalgroup.com\/politica-de-utilizacion-de-datos\/#breadcrumb","itemListElement":[{"@type":"ListItem","position":1,"name":"Portada","item":"https:\/\/zemsaniaglobalgroup.com\/"},{"@type":"ListItem","position":2,"name":"Pol\u00edtica de utilizaci\u00f3n de datos"}]},{"@type":"WebSite","@id":"https:\/\/zemsaniaglobalgroup.com\/#website","url":"https:\/\/zemsaniaglobalgroup.com\/","name":"Zemsania Global Group","description":"We offer innovative digital solutions and specialized IT talent, being a reference for our customers and a trusted technology partner in different business processes.","publisher":{"@id":"https:\/\/zemsaniaglobalgroup.com\/#organization"},"alternateName":"Zemsania","potentialAction":[{"@type":"SearchAction","target":{"@type":"EntryPoint","urlTemplate":"https:\/\/zemsaniaglobalgroup.com\/?s={search_term_string}"},"query-input":{"@type":"PropertyValueSpecification","valueRequired":true,"valueName":"search_term_string"}}],"inLanguage":"en-US"},{"@type":"Organization","@id":"https:\/\/zemsaniaglobalgroup.com\/#organization","name":"Zemsania Global Group","alternateName":"Zemsania","url":"https:\/\/zemsaniaglobalgroup.com\/","logo":{"@type":"ImageObject","inLanguage":"en-US","@id":"https:\/\/zemsaniaglobalgroup.com\/#\/schema\/logo\/image\/","url":"https:\/\/zemsaniaglobalgroup.com\/wp-content\/uploads\/2024\/04\/logo-zemsania-horiz.svg","contentUrl":"https:\/\/zemsaniaglobalgroup.com\/wp-content\/uploads\/2024\/04\/logo-zemsania-horiz.svg","caption":"Zemsania Global Group"},"image":{"@id":"https:\/\/zemsaniaglobalgroup.com\/#\/schema\/logo\/image\/"},"sameAs":["https:\/\/www.linkedin.com\/company\/zemsania-global-group"]}]}},"uagb_featured_image_src":{"full":false,"thumbnail":false,"medium":false,"medium_large":false,"large":false,"1536x1536":false,"2048x2048":false,"trp-custom-language-flag":false,"cover":false},"uagb_author_info":{"display_name":"jmarin","author_link":"https:\/\/zemsaniaglobalgroup.com\/en\/author\/jmarin\/"},"uagb_comment_info":0,"uagb_excerpt":"Informaci\u00f3n de inter\u00e9s Responsable:&nbsp;Zemsania S.L. Legitimaci\u00f3n:&nbsp;Consentimiento expreso del interesado. \u00bfPara qu\u00e9 vamos a utilizar sus datos?&nbsp; En Grupo Empresarial ZEMSANIA utilizamos sus datos personales, bajo nuestro inter\u00e9s leg\u00edtimo, para seleccionar y reclutar su perfil profesional del sector TIC para en su caso incorporarlo a proyectos tecnol\u00f3gicos de dicha \u00e1rea, para realizar gestiones laborales vinculadas a&hellip;","_links":{"self":[{"href":"https:\/\/zemsaniaglobalgroup.com\/en\/wp-json\/wp\/v2\/pages\/31364","targetHints":{"allow":["GET"]}}],"collection":[{"href":"https:\/\/zemsaniaglobalgroup.com\/en\/wp-json\/wp\/v2\/pages"}],"about":[{"href":"https:\/\/zemsaniaglobalgroup.com\/en\/wp-json\/wp\/v2\/types\/page"}],"author":[{"embeddable":true,"href":"https:\/\/zemsaniaglobalgroup.com\/en\/wp-json\/wp\/v2\/users\/1"}],"replies":[{"embeddable":true,"href":"https:\/\/zemsaniaglobalgroup.com\/en\/wp-json\/wp\/v2\/comments?post=31364"}],"version-history":[{"count":0,"href":"https:\/\/zemsaniaglobalgroup.com\/en\/wp-json\/wp\/v2\/pages\/31364\/revisions"}],"wp:attachment":[{"href":"https:\/\/zemsaniaglobalgroup.com\/en\/wp-json\/wp\/v2\/media?parent=31364"}],"curies":[{"name":"wp","href":"https:\/\/api.w.org\/{rel}","templated":true}]}}