{"id":31366,"date":"2023-08-23T14:29:14","date_gmt":"2023-08-23T14:29:14","guid":{"rendered":"https:\/\/zemsaniaglobalgroup.com\/?page_id=31366"},"modified":"2024-05-22T08:29:53","modified_gmt":"2024-05-22T06:29:53","slug":"quality-and-environmental-policy","status":"publish","type":"page","link":"https:\/\/zemsaniaglobalgroup.com\/en\/politica-de-calidad-y-medio-ambiente\/","title":{"rendered":"Quality and Environmental Management Policy"},"content":{"rendered":"<div class=\"wp-block-uagb-container uagb-block-8718d1ac alignfull uagb-is-root-container\">\n<div class=\"wp-block-columns is-layout-flex wp-container-core-columns-is-layout-9d6595d7 wp-block-columns-is-layout-flex\">\n<div class=\"wp-block-column is-layout-flow wp-block-column-is-layout-flow\" style=\"flex-basis:100%\">\n<p>The Management of&nbsp;<strong>ZEMSANIA GLOBAL GROUP<\/strong>&nbsp;defines its Quality and Environmental Management Policy with the purpose of applying&nbsp;<strong>continous improvement&nbsp;<\/strong>to all processes that make up the business activities carried out by each of the companies within the Group.<\/p>\n\n\n\n<p>The services offered&nbsp;<strong>\u2014related to new technologies\u2014<\/strong>&nbsp;are developed through all the procedures defined in its Integrated Management System, based on&nbsp;<strong>ISO 9001:2015 and ISO 14001:2015 standards.<\/strong>Through these, ZEMSANIA prioritizes achieving&nbsp;<strong>the highest possible customer satisfaction<\/strong>&nbsp;in every service provided while maintaining&nbsp;<strong>a firm commitment to minimizing adverse environmental impacts.<\/strong>.<\/p>\n\n\n\n<p>To fulfill this Policy,&nbsp;<strong>ZEMSANIA GLOBAL GROUP<\/strong>&nbsp;establishes and assumes the following guidelines:<\/p>\n\n\n\n<ul class=\"wp-block-list\">\n<li>Provide&nbsp;<strong>state-of-the-art technological services and solutions<\/strong>&nbsp;to support our clients in their&nbsp;<strong>digital transformation processes.<\/strong>.<\/li>\n<\/ul>\n\n\n\n<ul class=\"wp-block-list\">\n<li>Strongly promote&nbsp;<strong>the 4.0 culture within companies<\/strong>by&nbsp;<strong>developing IT solutions<\/strong>,&nbsp;<strong>sourcing the best digital talent,<\/strong>&nbsp;and&nbsp;<strong>offering specialized in-company training<\/strong>&nbsp;in the main technological fields of the market.<\/li>\n<\/ul>\n\n\n\n<ul class=\"wp-block-list\">\n<li>Ensure&nbsp;<strong>compliance<\/strong>&nbsp;with applicable laws and regulations relevant to our activities, as well as any other requirements that may be voluntarily or contractually agreed upon with our clients.<\/li>\n<\/ul>\n\n\n\n<ul class=\"wp-block-list\">\n<li>Monitor the services provided to meet the&nbsp;<strong>needs and expectations of our clients<\/strong>&nbsp;, ensuring&nbsp;<strong>the continuity and consistency of service quality<\/strong>&nbsp;.<\/li>\n<\/ul>\n\n\n\n<ul class=\"wp-block-list\">\n<li>Commit to working within a management environment through the establishment and periodic review of&nbsp;<strong>objectives<\/strong>across the Group\u2019s companies.<\/li>\n<\/ul>\n\n\n\n<ul class=\"wp-block-list\">\n<li>When setting objectives, we consider the&nbsp;<strong>context<\/strong>&nbsp;of the organization and its impact on the various&nbsp;<strong>stakeholders<\/strong>. Management identifies&nbsp;<strong>potential risks and opportunities<\/strong>&nbsp;and conducts annual reviews of the commitments made in terms of Quality and Environmental Management.<\/li>\n<\/ul>\n\n\n\n<ul class=\"wp-block-list\">\n<li>We are committed to,&nbsp;<strong>to continuously preventing and reducing the environmental impact of our activities and services&nbsp;<\/strong>contributing to the protection of the environment by:\n<ul class=\"wp-block-list\">\n<li>Controlling electricity and water consumption&nbsp;<strong>.<\/strong><\/li>\n\n\n\n<li>Promoting&nbsp;<strong>the efficient use of natural resources<\/strong>&nbsp;and&nbsp;<strong>minimizing waste generation<\/strong>&nbsp;by encouraging recycling, recovery, and reuse.<\/li>\n\n\n\n<li>Avoiding the printing of documents that are not strictly necessary.<\/li>\n\n\n\n<li>Reducing waste generation of any kind through responsible and safe management, giving priority to reuse and recycling.<\/li>\n<\/ul>\n<\/li>\n<\/ul>\n\n\n\n<p>The Management of&nbsp;<strong>ZEMSANIA GLOBAL GROUP<\/strong>&nbsp;recognizes that achieving these commitments requires the&nbsp;<strong>awareness and participation of all personnel.<\/strong>Therefore, this Quality and Environmental Management Policy is communicated to all employees and made available to all interested parties.<\/p>\n\n\n\n<p><em>Barcelona, August 26, 2022<\/em><\/p>\n\n\n\n<p><em>The Management of ZEMSANIA<\/em><\/p>\n<\/div>\n<\/div>\n<\/div>","protected":false},"excerpt":{"rendered":"<p>La Direcci\u00f3n del Grupo Empresarial&nbsp;ZEMSANIA&nbsp;define su Pol\u00edtica de Gesti\u00f3n de la Calidad y Ambiental con el prop\u00f3sito de aplicar la&nbsp;Mejora Continua&nbsp;a todos los procesos que integran la actividad empresarial desarrollada por cada una de las empresas del Grupo. Los servicios ofrecidos, relacionados con&nbsp;nuevas tecnolog\u00edas,&nbsp;se desarrollan mediante todas las sistem\u00e1ticas que se recogen en su Sistema [&hellip;]<\/p>\n","protected":false},"author":1,"featured_media":0,"parent":0,"menu_order":17,"comment_status":"closed","ping_status":"closed","template":"","meta":{"_acf_changed":false,"inline_featured_image":false,"_uag_custom_page_level_css":"","footnotes":""},"class_list":["post-31366","page","type-page","status-publish","hentry"],"acf":[],"yoast_head":"<!-- This site is optimized with the Yoast SEO plugin v27.4 - https:\/\/yoast.com\/product\/yoast-seo-wordpress\/ -->\n<title>Pol\u00edtica de Gesti\u00f3n de Calidad y Ambiental - Zemsania Global Group<\/title>\n<meta name=\"robots\" content=\"index, follow, max-snippet:-1, max-image-preview:large, max-video-preview:-1\" \/>\n<link rel=\"canonical\" href=\"https:\/\/zemsaniaglobalgroup.com\/en\/quality-and-environmental-policy\/\" \/>\n<meta property=\"og:locale\" content=\"en_US\" \/>\n<meta property=\"og:type\" content=\"article\" \/>\n<meta property=\"og:title\" content=\"Pol\u00edtica de Gesti\u00f3n de Calidad y Ambiental - Zemsania Global Group\" \/>\n<meta property=\"og:description\" content=\"La Direcci\u00f3n del Grupo Empresarial&nbsp;ZEMSANIA&nbsp;define su Pol\u00edtica de Gesti\u00f3n de la Calidad y Ambiental con el prop\u00f3sito de aplicar la&nbsp;Mejora Continua&nbsp;a todos los procesos que integran la actividad empresarial desarrollada por cada una de las empresas del Grupo. Los servicios ofrecidos, relacionados con&nbsp;nuevas tecnolog\u00edas,&nbsp;se desarrollan mediante todas las sistem\u00e1ticas que se recogen en su Sistema [&hellip;]\" \/>\n<meta property=\"og:url\" content=\"https:\/\/zemsaniaglobalgroup.com\/en\/quality-and-environmental-policy\/\" \/>\n<meta property=\"og:site_name\" content=\"Zemsania Global Group\" \/>\n<meta property=\"article:modified_time\" content=\"2024-05-22T06:29:53+00:00\" \/>\n<meta property=\"og:image\" content=\"https:\/\/zemsaniaglobalgroup.com\/wp-content\/uploads\/2025\/11\/Portada-para-redes-web.png\" \/>\n\t<meta property=\"og:image:width\" content=\"1280\" \/>\n\t<meta property=\"og:image:height\" content=\"720\" \/>\n\t<meta property=\"og:image:type\" content=\"image\/png\" \/>\n<meta name=\"twitter:card\" content=\"summary_large_image\" \/>\n<meta name=\"twitter:label1\" content=\"Est. reading time\" \/>\n\t<meta name=\"twitter:data1\" content=\"3 minutes\" \/>\n<script type=\"application\/ld+json\" class=\"yoast-schema-graph\">{\"@context\":\"https:\\\/\\\/schema.org\",\"@graph\":[{\"@type\":\"WebPage\",\"@id\":\"https:\\\/\\\/zemsaniaglobalgroup.com\\\/politica-de-calidad-y-medio-ambiente\\\/\",\"url\":\"https:\\\/\\\/zemsaniaglobalgroup.com\\\/politica-de-calidad-y-medio-ambiente\\\/\",\"name\":\"Pol\u00edtica de Gesti\u00f3n de Calidad y Ambiental - Zemsania Global Group\",\"isPartOf\":{\"@id\":\"https:\\\/\\\/zemsaniaglobalgroup.com\\\/#website\"},\"datePublished\":\"2023-08-23T14:29:14+00:00\",\"dateModified\":\"2024-05-22T06:29:53+00:00\",\"breadcrumb\":{\"@id\":\"https:\\\/\\\/zemsaniaglobalgroup.com\\\/politica-de-calidad-y-medio-ambiente\\\/#breadcrumb\"},\"inLanguage\":\"en-US\",\"potentialAction\":[{\"@type\":\"ReadAction\",\"target\":[\"https:\\\/\\\/zemsaniaglobalgroup.com\\\/politica-de-calidad-y-medio-ambiente\\\/\"]}]},{\"@type\":\"BreadcrumbList\",\"@id\":\"https:\\\/\\\/zemsaniaglobalgroup.com\\\/politica-de-calidad-y-medio-ambiente\\\/#breadcrumb\",\"itemListElement\":[{\"@type\":\"ListItem\",\"position\":1,\"name\":\"Portada\",\"item\":\"https:\\\/\\\/zemsaniaglobalgroup.com\\\/\"},{\"@type\":\"ListItem\",\"position\":2,\"name\":\"Pol\u00edtica de Gesti\u00f3n de Calidad y Ambiental\"}]},{\"@type\":\"WebSite\",\"@id\":\"https:\\\/\\\/zemsaniaglobalgroup.com\\\/#website\",\"url\":\"https:\\\/\\\/zemsaniaglobalgroup.com\\\/\",\"name\":\"Zemsania Global Group\",\"description\":\"Ofrecemos soluciones digitales innovadoras y talento IT especializado, siendo un referente para nuestros clientes y un partner tecnol\u00f3gico de confianza en los diferentes procesos empresariales.\",\"publisher\":{\"@id\":\"https:\\\/\\\/zemsaniaglobalgroup.com\\\/#organization\"},\"alternateName\":\"Zemsania\",\"potentialAction\":[{\"@type\":\"SearchAction\",\"target\":{\"@type\":\"EntryPoint\",\"urlTemplate\":\"https:\\\/\\\/zemsaniaglobalgroup.com\\\/?s={search_term_string}\"},\"query-input\":{\"@type\":\"PropertyValueSpecification\",\"valueRequired\":true,\"valueName\":\"search_term_string\"}}],\"inLanguage\":\"en-US\"},{\"@type\":\"Organization\",\"@id\":\"https:\\\/\\\/zemsaniaglobalgroup.com\\\/#organization\",\"name\":\"Zemsania Global Group\",\"alternateName\":\"Zemsania\",\"url\":\"https:\\\/\\\/zemsaniaglobalgroup.com\\\/\",\"logo\":{\"@type\":\"ImageObject\",\"inLanguage\":\"en-US\",\"@id\":\"https:\\\/\\\/zemsaniaglobalgroup.com\\\/#\\\/schema\\\/logo\\\/image\\\/\",\"url\":\"https:\\\/\\\/zemsaniaglobalgroup.com\\\/wp-content\\\/uploads\\\/2024\\\/04\\\/logo-zemsania-horiz.svg\",\"contentUrl\":\"https:\\\/\\\/zemsaniaglobalgroup.com\\\/wp-content\\\/uploads\\\/2024\\\/04\\\/logo-zemsania-horiz.svg\",\"caption\":\"Zemsania Global Group\"},\"image\":{\"@id\":\"https:\\\/\\\/zemsaniaglobalgroup.com\\\/#\\\/schema\\\/logo\\\/image\\\/\"},\"sameAs\":[\"https:\\\/\\\/www.linkedin.com\\\/company\\\/zemsania-global-group\"]}]}<\/script>\n<!-- \/ Yoast SEO plugin. -->","yoast_head_json":{"title":"Quality and Environmental Management Policy - Zemsania Global Group","robots":{"index":"index","follow":"follow","max-snippet":"max-snippet:-1","max-image-preview":"max-image-preview:large","max-video-preview":"max-video-preview:-1"},"canonical":"https:\/\/zemsaniaglobalgroup.com\/en\/quality-and-environmental-policy\/","og_locale":"en_US","og_type":"article","og_title":"Pol\u00edtica de Gesti\u00f3n de Calidad y Ambiental - Zemsania Global Group","og_description":"La Direcci\u00f3n del Grupo Empresarial&nbsp;ZEMSANIA&nbsp;define su Pol\u00edtica de Gesti\u00f3n de la Calidad y Ambiental con el prop\u00f3sito de aplicar la&nbsp;Mejora Continua&nbsp;a todos los procesos que integran la actividad empresarial desarrollada por cada una de las empresas del Grupo. Los servicios ofrecidos, relacionados con&nbsp;nuevas tecnolog\u00edas,&nbsp;se desarrollan mediante todas las sistem\u00e1ticas que se recogen en su Sistema [&hellip;]","og_url":"https:\/\/zemsaniaglobalgroup.com\/en\/quality-and-environmental-policy\/","og_site_name":"Zemsania Global Group","article_modified_time":"2024-05-22T06:29:53+00:00","og_image":[{"width":1280,"height":720,"url":"https:\/\/zemsaniaglobalgroup.com\/wp-content\/uploads\/2025\/11\/Portada-para-redes-web.png","type":"image\/png"}],"twitter_card":"summary_large_image","twitter_misc":{"Est. reading time":"3 minutes"},"schema":{"@context":"https:\/\/schema.org","@graph":[{"@type":"WebPage","@id":"https:\/\/zemsaniaglobalgroup.com\/politica-de-calidad-y-medio-ambiente\/","url":"https:\/\/zemsaniaglobalgroup.com\/politica-de-calidad-y-medio-ambiente\/","name":"Quality and Environmental Management Policy - Zemsania Global Group","isPartOf":{"@id":"https:\/\/zemsaniaglobalgroup.com\/#website"},"datePublished":"2023-08-23T14:29:14+00:00","dateModified":"2024-05-22T06:29:53+00:00","breadcrumb":{"@id":"https:\/\/zemsaniaglobalgroup.com\/politica-de-calidad-y-medio-ambiente\/#breadcrumb"},"inLanguage":"en-US","potentialAction":[{"@type":"ReadAction","target":["https:\/\/zemsaniaglobalgroup.com\/politica-de-calidad-y-medio-ambiente\/"]}]},{"@type":"BreadcrumbList","@id":"https:\/\/zemsaniaglobalgroup.com\/politica-de-calidad-y-medio-ambiente\/#breadcrumb","itemListElement":[{"@type":"ListItem","position":1,"name":"Portada","item":"https:\/\/zemsaniaglobalgroup.com\/"},{"@type":"ListItem","position":2,"name":"Pol\u00edtica de Gesti\u00f3n de Calidad y Ambiental"}]},{"@type":"WebSite","@id":"https:\/\/zemsaniaglobalgroup.com\/#website","url":"https:\/\/zemsaniaglobalgroup.com\/","name":"Zemsania Global Group","description":"We offer innovative digital solutions and specialized IT talent, being a reference for our customers and a trusted technology partner in different business processes.","publisher":{"@id":"https:\/\/zemsaniaglobalgroup.com\/#organization"},"alternateName":"Zemsania","potentialAction":[{"@type":"SearchAction","target":{"@type":"EntryPoint","urlTemplate":"https:\/\/zemsaniaglobalgroup.com\/?s={search_term_string}"},"query-input":{"@type":"PropertyValueSpecification","valueRequired":true,"valueName":"search_term_string"}}],"inLanguage":"en-US"},{"@type":"Organization","@id":"https:\/\/zemsaniaglobalgroup.com\/#organization","name":"Zemsania Global Group","alternateName":"Zemsania","url":"https:\/\/zemsaniaglobalgroup.com\/","logo":{"@type":"ImageObject","inLanguage":"en-US","@id":"https:\/\/zemsaniaglobalgroup.com\/#\/schema\/logo\/image\/","url":"https:\/\/zemsaniaglobalgroup.com\/wp-content\/uploads\/2024\/04\/logo-zemsania-horiz.svg","contentUrl":"https:\/\/zemsaniaglobalgroup.com\/wp-content\/uploads\/2024\/04\/logo-zemsania-horiz.svg","caption":"Zemsania Global Group"},"image":{"@id":"https:\/\/zemsaniaglobalgroup.com\/#\/schema\/logo\/image\/"},"sameAs":["https:\/\/www.linkedin.com\/company\/zemsania-global-group"]}]}},"uagb_featured_image_src":{"full":false,"thumbnail":false,"medium":false,"medium_large":false,"large":false,"1536x1536":false,"2048x2048":false,"trp-custom-language-flag":false,"cover":false},"uagb_author_info":{"display_name":"jmarin","author_link":"https:\/\/zemsaniaglobalgroup.com\/en\/author\/jmarin\/"},"uagb_comment_info":0,"uagb_excerpt":"La Direcci\u00f3n del Grupo Empresarial&nbsp;ZEMSANIA&nbsp;define su Pol\u00edtica de Gesti\u00f3n de la Calidad y Ambiental con el prop\u00f3sito de aplicar la&nbsp;Mejora Continua&nbsp;a todos los procesos que integran la actividad empresarial desarrollada por cada una de las empresas del Grupo. Los servicios ofrecidos, relacionados con&nbsp;nuevas tecnolog\u00edas,&nbsp;se desarrollan mediante todas las sistem\u00e1ticas que se recogen en su Sistema&hellip;","_links":{"self":[{"href":"https:\/\/zemsaniaglobalgroup.com\/en\/wp-json\/wp\/v2\/pages\/31366","targetHints":{"allow":["GET"]}}],"collection":[{"href":"https:\/\/zemsaniaglobalgroup.com\/en\/wp-json\/wp\/v2\/pages"}],"about":[{"href":"https:\/\/zemsaniaglobalgroup.com\/en\/wp-json\/wp\/v2\/types\/page"}],"author":[{"embeddable":true,"href":"https:\/\/zemsaniaglobalgroup.com\/en\/wp-json\/wp\/v2\/users\/1"}],"replies":[{"embeddable":true,"href":"https:\/\/zemsaniaglobalgroup.com\/en\/wp-json\/wp\/v2\/comments?post=31366"}],"version-history":[{"count":0,"href":"https:\/\/zemsaniaglobalgroup.com\/en\/wp-json\/wp\/v2\/pages\/31366\/revisions"}],"wp:attachment":[{"href":"https:\/\/zemsaniaglobalgroup.com\/en\/wp-json\/wp\/v2\/media?parent=31366"}],"curies":[{"name":"wp","href":"https:\/\/api.w.org\/{rel}","templated":true}]}}